{"id":1287,"date":"2024-12-17T17:15:00","date_gmt":"2024-12-17T16:15:00","guid":{"rendered":"https:\/\/paletscuerva.net\/?page_id=1287"},"modified":"2024-12-17T17:15:50","modified_gmt":"2024-12-17T16:15:50","slug":"palets-montcada","status":"publish","type":"page","link":"https:\/\/paletscuerva.net\/ca\/palets-montcada\/","title":{"rendered":"Palets Montcada"},"content":{"rendered":"<div data-elementor-type=\"wp-page\" data-elementor-id=\"1287\" class=\"elementor elementor-1287\" data-elementor-post-type=\"page\">\n\t\t\t\t\t\t<section class=\"elementor-section elementor-top-section elementor-element elementor-element-62ba8f2 elementor-section-boxed elementor-section-height-default elementor-section-height-default\" data-id=\"62ba8f2\" data-element_type=\"section\">\n\t\t\t\t\t\t<div class=\"elementor-container elementor-column-gap-default\">\n\t\t\t\t\t<div class=\"elementor-column elementor-col-66 elementor-top-column elementor-element elementor-element-a109682\" data-id=\"a109682\" data-element_type=\"column\">\n\t\t\t<div class=\"elementor-widget-wrap elementor-element-populated\">\n\t\t\t\t\t\t<div class=\"elementor-element elementor-element-460b75f elementor-widget elementor-widget-text-editor\" data-id=\"460b75f\" data-element_type=\"widget\" data-widget_type=\"text-editor.default\">\n\t\t\t\t<div class=\"elementor-widget-container\">\n\t\t\t\t\t\t\t\t\t<h2><strong>Soluciones de calidad con Palets Cuerva<\/strong><\/h2><p>En Palets Cuerva, nos especializamos en la fabricaci\u00f3n, reciclaje y distribuci\u00f3n de <strong>palets Montcada<\/strong>, brindando soluciones personalizadas para empresas que buscan eficiencia y sostenibilidad en su cadena log\u00edstica. Trabajamos con materiales de primera calidad para garantizar productos duraderos y adaptados a las necesidades de nuestros clientes.<\/p><h2><strong>Plataformas de carga para optimizar tu log\u00edstica<\/strong><\/h2><p>Si necesitas <strong>plataformas de carga<\/strong> robustas y confiables, en Palets Cuerva ofrecemos una amplia gama de opciones. Contamos con palets nuevos, usados y reciclados, ideales para mejorar tus procesos de almacenamiento y transporte. Nuestras soluciones aseguran un manejo seguro de mercanc\u00edas, minimizando riesgos y optimizando el espacio.<\/p><p>Adem\u00e1s, nuestras plataformas cumplen con los m\u00e1s altos est\u00e1ndares de calidad, ofreciendo resistencia y funcionalidad. Apostamos por productos sostenibles que, adem\u00e1s de ser econ\u00f3micos, ayudan a reducir el impacto medioambiental, algo fundamental en el entorno industrial actual.<\/p>\t\t\t\t\t\t\t\t<\/div>\n\t\t\t\t<\/div>\n\t\t\t\t<div class=\"elementor-element elementor-element-1b4611b elementor-widget elementor-widget-image\" data-id=\"1b4611b\" data-element_type=\"widget\" data-widget_type=\"image.default\">\n\t\t\t\t<div class=\"elementor-widget-container\">\n\t\t\t\t\t\t\t\t\t\t\t\t\t\t\t<img fetchpriority=\"high\" decoding=\"async\" width=\"1024\" height=\"683\" src=\"https:\/\/paletscuerva.net\/wp-content\/uploads\/2023\/05\/IMG_8697-1024x683.jpg\" class=\"attachment-large size-large wp-image-176\" alt=\"Distribuci\u00f3n Palets listos para ser utilizados\" srcset=\"https:\/\/paletscuerva.net\/wp-content\/uploads\/2023\/05\/IMG_8697-1024x683.jpg 1024w, https:\/\/paletscuerva.net\/wp-content\/uploads\/2023\/05\/IMG_8697-300x200.jpg 300w, https:\/\/paletscuerva.net\/wp-content\/uploads\/2023\/05\/IMG_8697-768x512.jpg 768w, https:\/\/paletscuerva.net\/wp-content\/uploads\/2023\/05\/IMG_8697-1536x1024.jpg 1536w, https:\/\/paletscuerva.net\/wp-content\/uploads\/2023\/05\/IMG_8697-2048x1365.jpg 2048w, https:\/\/paletscuerva.net\/wp-content\/uploads\/2023\/05\/IMG_8697-930x620.jpg 930w\" sizes=\"(max-width: 1024px) 100vw, 1024px\" \/>\t\t\t\t\t\t\t\t\t\t\t\t\t\t\t<\/div>\n\t\t\t\t<\/div>\n\t\t\t\t<div class=\"elementor-element elementor-element-2588747 elementor-widget elementor-widget-text-editor\" data-id=\"2588747\" data-element_type=\"widget\" data-widget_type=\"text-editor.default\">\n\t\t\t\t<div class=\"elementor-widget-container\">\n\t\t\t\t\t\t\t\t\t<div class=\"flex max-w-full flex-col flex-grow\"><div class=\"min-h-8 text-message flex w-full flex-col items-end gap-2 whitespace-normal break-words text-start [.text-message+&amp;]:mt-5\" dir=\"auto\" data-message-author-role=\"assistant\" data-message-id=\"db28cab1-f072-498c-8b04-99bd65085e15\" data-message-model-slug=\"gpt-4o\"><div class=\"flex w-full flex-col gap-1 empty:hidden first:pt-[3px]\"><div class=\"markdown prose w-full break-words dark:prose-invert light\"><div class=\"flex max-w-full flex-col flex-grow\"><div class=\"min-h-8 text-message flex w-full flex-col items-end gap-2 whitespace-normal break-words text-start [.text-message+&amp;]:mt-5\" dir=\"auto\" data-message-author-role=\"assistant\" data-message-id=\"f659e8a6-c4c8-4447-8c97-36064fc97c39\" data-message-model-slug=\"gpt-4o\"><div class=\"flex w-full flex-col gap-1 empty:hidden first:pt-[3px]\"><div class=\"markdown prose w-full break-words dark:prose-invert light\"><h2><strong>Embalajes industriales ecol\u00f3gicos y eficientes<\/strong><\/h2><p>En Palets Cuerva, apostamos por la sostenibilidad al ofrecer <strong>embalajes industriales ecol\u00f3gicos y eficientes<\/strong>. Nuestro proceso de reciclaje permite dar una segunda vida a los palets, reduciendo los residuos y fomentando un modelo circular. Realizamos reparaciones de calidad que aseguran una larga vida \u00fatil de cada unidad.<\/p><p>Si est\u00e1s buscando una opci\u00f3n rentable y responsable para tu empresa en Montcada, nuestro servicio de embalajes reutilizables es la soluci\u00f3n perfecta. Contribuye a la protecci\u00f3n del medio ambiente y optimiza tus operaciones con palets que garantizan calidad y funcionalidad.<\/p><h3><strong>Tu proveedor confiable de palets Montcada<\/strong><\/h3><p>En Palets Cuerva, somos tu mejor opci\u00f3n si buscas <strong>palets Montcada<\/strong> de calidad, econ\u00f3micos y adaptados a las exigencias de tu negocio. Desde la fabricaci\u00f3n hasta la reparaci\u00f3n y el reciclaje, te ofrecemos un servicio integral dise\u00f1ado para mejorar tus procesos log\u00edsticos.<\/p><p>Trabajamos con compromiso y profesionalidad para asegurar soluciones eficaces que generen un ahorro significativo para tu empresa. Nos adaptamos a tus necesidades, ya sea en volumen, tipo de palet o condiciones espec\u00edficas de entrega.<\/p><p>Si necesitas <strong>palets Montcada<\/strong>, contacta con Palets Cuerva hoy mismo y descubre c\u00f3mo nuestros productos y servicios pueden ayudarte a optimizar tu cadena de suministro. Juntos, encontraremos la soluci\u00f3n ideal para tu negocio, garantizando eficiencia, calidad y un enfoque sostenible. \u00a1Conf\u00eda en Palets Cuerva, tu aliado en soluciones log\u00edsticas!<\/p><\/div><\/div><\/div><\/div><\/div><\/div><\/div><\/div>\t\t\t\t\t\t\t\t<\/div>\n\t\t\t\t<\/div>\n\t\t\t\t\t<\/div>\n\t\t<\/div>\n\t\t\t\t<div class=\"elementor-column elementor-col-33 elementor-top-column elementor-element elementor-element-15f838b\" data-id=\"15f838b\" data-element_type=\"column\">\n\t\t\t<div class=\"elementor-widget-wrap elementor-element-populated\">\n\t\t\t\t\t\t<div class=\"elementor-element elementor-element-21dc753 elementor-widget elementor-widget-heading\" data-id=\"21dc753\" data-element_type=\"widget\" data-widget_type=\"heading.default\">\n\t\t\t\t<div class=\"elementor-widget-container\">\n\t\t\t\t\t<h3 class=\"elementor-heading-title elementor-size-default\">Envia&#039;ns la teva consulta<\/h3>\t\t\t\t<\/div>\n\t\t\t\t<\/div>\n\t\t\t\t<div class=\"elementor-element elementor-element-889d8ad elementor-button-align-stretch elementor-widget elementor-widget-form\" data-id=\"889d8ad\" data-element_type=\"widget\" data-settings=\"{&quot;step_next_label&quot;:&quot;Next&quot;,&quot;step_previous_label&quot;:&quot;Previous&quot;,&quot;button_width&quot;:&quot;100&quot;,&quot;step_type&quot;:&quot;number_text&quot;,&quot;step_icon_shape&quot;:&quot;circle&quot;}\" data-widget_type=\"form.default\">\n\t\t\t\t<div class=\"elementor-widget-container\">\n\t\t\t\t\t\t\t<form class=\"elementor-form\" method=\"post\" name=\"New Form\" action=\"\">\n\t\t\t<input type=\"hidden\" name=\"post_id\" value=\"1287\"\/>\n\t\t\t<input type=\"hidden\" name=\"form_id\" value=\"889d8ad\"\/>\n\t\t\t<input type=\"hidden\" name=\"referer_title\" value=\"Palets Cuerva\" \/>\n\n\t\t\t\n\t\t\t<div class=\"elementor-form-fields-wrapper elementor-labels-\">\n\t\t\t\t\t\t\t\t<div class=\"elementor-field-type-text elementor-field-group elementor-column elementor-field-group-name elementor-col-100\">\n\t\t\t\t\t\t\t\t\t\t\t\t<label for=\"form-field-name\" class=\"elementor-field-label elementor-screen-only\">\n\t\t\t\t\t\t\t\tNom\t\t\t\t\t\t\t<\/label>\n\t\t\t\t\t\t\t\t\t\t\t\t\t\t<input size=\"1\" type=\"text\" name=\"form_fields[name]\" id=\"form-field-name\" class=\"elementor-field elementor-size-sm  elementor-field-textual\" placeholder=\"Nom\">\n\t\t\t\t\t\t\t\t\t\t\t<\/div>\n\t\t\t\t\t\t\t\t<div class=\"elementor-field-type-email elementor-field-group elementor-column elementor-field-group-field_375f705 elementor-col-100\">\n\t\t\t\t\t\t\t\t\t\t\t\t<label for=\"form-field-field_375f705\" class=\"elementor-field-label elementor-screen-only\">\n\t\t\t\t\t\t\t\tCorreu electr\u00f2nic\t\t\t\t\t\t\t<\/label>\n\t\t\t\t\t\t\t\t\t\t\t\t\t\t<input size=\"1\" type=\"email\" name=\"form_fields[field_375f705]\" id=\"form-field-field_375f705\" class=\"elementor-field elementor-size-sm  elementor-field-textual\" placeholder=\"Correu electr\u00f2nic\">\n\t\t\t\t\t\t\t\t\t\t\t<\/div>\n\t\t\t\t\t\t\t\t<div class=\"elementor-field-type-tel elementor-field-group elementor-column elementor-field-group-field_8701c68 elementor-col-100 elementor-field-required\">\n\t\t\t\t\t\t\t\t\t\t\t\t<label for=\"form-field-field_8701c68\" class=\"elementor-field-label elementor-screen-only\">\n\t\t\t\t\t\t\t\tTel\u00e8fon\t\t\t\t\t\t\t<\/label>\n\t\t\t\t\t\t\t\t<input size=\"1\" type=\"tel\" name=\"form_fields[field_8701c68]\" id=\"form-field-field_8701c68\" class=\"elementor-field elementor-size-sm  elementor-field-textual\" placeholder=\"Tel\u00e8fon\" required=\"required\" pattern=\"[0-9()#&amp;+*-=.]+\" title=\"Only numbers and phone characters (#, -, *, etc) are accepted.\">\n\n\t\t\t\t\t\t<\/div>\n\t\t\t\t\t\t\t\t<div class=\"elementor-field-type-text elementor-field-group elementor-column elementor-field-group-email elementor-col-100 elementor-field-required\">\n\t\t\t\t\t\t\t\t\t\t\t\t<label for=\"form-field-email\" class=\"elementor-field-label elementor-screen-only\">\n\t\t\t\t\t\t\t\tTema\t\t\t\t\t\t\t<\/label>\n\t\t\t\t\t\t\t\t\t\t\t\t\t\t<input size=\"1\" type=\"text\" name=\"form_fields[email]\" id=\"form-field-email\" class=\"elementor-field elementor-size-sm  elementor-field-textual\" placeholder=\"Tema\" required=\"required\">\n\t\t\t\t\t\t\t\t\t\t\t<\/div>\n\t\t\t\t\t\t\t\t<div class=\"elementor-field-type-textarea elementor-field-group elementor-column elementor-field-group-message elementor-col-100\">\n\t\t\t\t\t\t\t\t\t\t\t\t<label for=\"form-field-message\" class=\"elementor-field-label elementor-screen-only\">\n\t\t\t\t\t\t\t\tMissatge\t\t\t\t\t\t\t<\/label>\n\t\t\t\t\t\t<textarea class=\"elementor-field-textual elementor-field  elementor-size-sm\" name=\"form_fields[message]\" id=\"form-field-message\" rows=\"4\" placeholder=\"Missatge \/ consulta (opcional)\"><\/textarea>\t\t\t\t<\/div>\n\t\t\t\t\t\t\t\t<div class=\"elementor-field-type-acceptance elementor-field-group elementor-column elementor-field-group-field_e8cc4b4 elementor-col-100\">\n\t\t\t\t\t\t\t<div class=\"elementor-field-subgroup\">\n\t\t\t<span class=\"elementor-field-option\">\n\t\t\t\t<input type=\"checkbox\" name=\"form_fields[field_e8cc4b4]\" id=\"form-field-field_e8cc4b4\" class=\"elementor-field elementor-size-sm  elementor-acceptance-field\">\n\t\t\t\t<label for=\"form-field-field_e8cc4b4\">He llegit i accepto la <a href=\"https:\/\/paletscuerva.net\/ca\/\">pol\u00edtica de privacitat.<\/a><\/label>\t\t\t<\/span>\n\t\t<\/div>\n\t\t\t\t\t\t<\/div>\n\t\t\t\t\t\t\t\t<div class=\"elementor-field-type-text\">\n\t\t\t\t\t<input size=\"1\" type=\"text\" name=\"form_fields[field_dede054]\" id=\"form-field-field_dede054\" class=\"elementor-field elementor-size-sm\" style=\"display:none !important;\">\t\t\t\t<\/div>\n\t\t\t\t\t\t\t\t<div class=\"elementor-field-type-recaptcha_v3 elementor-field-group elementor-column elementor-field-group-field_4b6191a elementor-col-100 recaptcha_v3-bottomleft\">\n\t\t\t\t\t<div class=\"elementor-field\" id=\"form-field-field_4b6191a\"><div class=\"elementor-g-recaptcha\" data-sitekey=\"6Le8qJEpAAAAAJAJ5zRhi2S9OKRT9UGVIsqxgz-p\" data-type=\"v3\" data-action=\"Form\" data-badge=\"bottomleft\" data-size=\"invisible\"><\/div><\/div>\t\t\t\t<\/div>\n\t\t\t\t\t\t\t\t<div class=\"elementor-field-group elementor-column elementor-field-type-submit elementor-col-100 e-form__buttons\">\n\t\t\t\t\t<button class=\"elementor-button elementor-size-sm\" type=\"submit\">\n\t\t\t\t\t\t<span class=\"elementor-button-content-wrapper\">\n\t\t\t\t\t\t\t\t\t\t\t\t\t\t\t\t\t\t\t\t\t\t<span class=\"elementor-button-text\">Enviar<\/span>\n\t\t\t\t\t\t\t\t\t\t\t\t\t<\/span>\n\t\t\t\t\t<\/button>\n\t\t\t\t<\/div>\n\t\t\t<\/div>\n\t\t<input type=\"hidden\" name=\"trp-form-language\" value=\"ca\"\/><\/form>\n\t\t\t\t\t\t<\/div>\n\t\t\t\t<\/div>\n\t\t\t\t\t<\/div>\n\t\t<\/div>\n\t\t\t\t\t<\/div>\n\t\t<\/section>\n\t\t\t\t<\/div>","protected":false},"excerpt":{"rendered":"<p>Soluciones de calidad con Palets Cuerva En Palets Cuerva, nos especializamos en la fabricaci\u00f3n, reciclaje y distribuci\u00f3n de palets Montcada, brindando soluciones personalizadas para empresas que buscan eficiencia y sostenibilidad en su cadena log\u00edstica. Trabajamos con materiales de primera calidad para garantizar productos duraderos y adaptados a las necesidades de nuestros clientes. Plataformas de carga&hellip;&nbsp;<a href=\"https:\/\/paletscuerva.net\/ca\/palets-montcada\/\" rel=\"bookmark\"><span class=\"screen-reader-text\">Palets Montcada<\/span><\/a><\/p>","protected":false},"author":1,"featured_media":0,"parent":0,"menu_order":0,"comment_status":"closed","ping_status":"closed","template":"","meta":{"neve_meta_sidebar":"","neve_meta_container":"","neve_meta_enable_content_width":"off","neve_meta_content_width":100,"neve_meta_title_alignment":"","neve_meta_author_avatar":"","neve_post_elements_order":"","neve_meta_disable_header":"","neve_meta_disable_footer":"","neve_meta_disable_title":"","neve_meta_reading_time":"","footnotes":""},"class_list":["post-1287","page","type-page","status-publish","hentry"],"yoast_head":"<!-- This site is optimized with the Yoast SEO plugin v25.2 - https:\/\/yoast.com\/wordpress\/plugins\/seo\/ -->\n<title>Palets Montcada - Palets Cuerva<\/title>\n<meta name=\"robots\" content=\"index, follow, max-snippet:-1, max-image-preview:large, max-video-preview:-1\" \/>\n<link rel=\"canonical\" href=\"https:\/\/paletscuerva.net\/ca\/palets-montcada\/\" \/>\n<meta property=\"og:locale\" content=\"ca_ES\" \/>\n<meta property=\"og:type\" content=\"article\" \/>\n<meta property=\"og:title\" content=\"Palets Montcada - Palets Cuerva\" \/>\n<meta property=\"og:description\" content=\"Soluciones de calidad con Palets Cuerva En Palets Cuerva, nos especializamos en la fabricaci\u00f3n, reciclaje y distribuci\u00f3n de palets Montcada, brindando soluciones personalizadas para empresas que buscan eficiencia y sostenibilidad en su cadena log\u00edstica. Trabajamos con materiales de primera calidad para garantizar productos duraderos y adaptados a las necesidades de nuestros clientes. Plataformas de carga&hellip;&nbsp;Palets Montcada\" \/>\n<meta property=\"og:url\" content=\"https:\/\/paletscuerva.net\/ca\/palets-montcada\/\" \/>\n<meta property=\"og:site_name\" content=\"Palets Cuerva\" \/>\n<meta property=\"article:modified_time\" content=\"2024-12-17T16:15:50+00:00\" \/>\n<meta property=\"og:image\" content=\"https:\/\/paletscuerva.net\/wp-content\/uploads\/2023\/05\/IMG_8697-1024x683.jpg\" \/>\n<meta name=\"twitter:card\" content=\"summary_large_image\" \/>\n<meta name=\"twitter:label1\" content=\"Temps estimat de lectura\" \/>\n\t<meta name=\"twitter:data1\" content=\"2 minuts\" \/>\n<script type=\"application\/ld+json\" class=\"yoast-schema-graph\">{\"@context\":\"https:\/\/schema.org\",\"@graph\":[{\"@type\":\"WebPage\",\"@id\":\"https:\/\/paletscuerva.net\/palets-montcada\/\",\"url\":\"https:\/\/paletscuerva.net\/palets-montcada\/\",\"name\":\"Palets Montcada - Palets Cuerva\",\"isPartOf\":{\"@id\":\"https:\/\/paletscuerva.net\/#website\"},\"primaryImageOfPage\":{\"@id\":\"https:\/\/paletscuerva.net\/palets-montcada\/#primaryimage\"},\"image\":{\"@id\":\"https:\/\/paletscuerva.net\/palets-montcada\/#primaryimage\"},\"thumbnailUrl\":\"https:\/\/paletscuerva.net\/wp-content\/uploads\/2023\/05\/IMG_8697-1024x683.jpg\",\"datePublished\":\"2024-12-17T16:15:00+00:00\",\"dateModified\":\"2024-12-17T16:15:50+00:00\",\"breadcrumb\":{\"@id\":\"https:\/\/paletscuerva.net\/palets-montcada\/#breadcrumb\"},\"inLanguage\":\"ca\",\"potentialAction\":[{\"@type\":\"ReadAction\",\"target\":[\"https:\/\/paletscuerva.net\/palets-montcada\/\"]}]},{\"@type\":\"ImageObject\",\"inLanguage\":\"ca\",\"@id\":\"https:\/\/paletscuerva.net\/palets-montcada\/#primaryimage\",\"url\":\"https:\/\/paletscuerva.net\/wp-content\/uploads\/2023\/05\/IMG_8697-1024x683.jpg\",\"contentUrl\":\"https:\/\/paletscuerva.net\/wp-content\/uploads\/2023\/05\/IMG_8697-1024x683.jpg\"},{\"@type\":\"BreadcrumbList\",\"@id\":\"https:\/\/paletscuerva.net\/palets-montcada\/#breadcrumb\",\"itemListElement\":[{\"@type\":\"ListItem\",\"position\":1,\"name\":\"Portada\",\"item\":\"https:\/\/paletscuerva.net\/\"},{\"@type\":\"ListItem\",\"position\":2,\"name\":\"Palets Montcada\"}]},{\"@type\":\"WebSite\",\"@id\":\"https:\/\/paletscuerva.net\/#website\",\"url\":\"https:\/\/paletscuerva.net\/\",\"name\":\"Palets Cuerva\",\"description\":\"Fabricaci\u00f3n, venta y restauraci\u00f3n de palets en Barcelona.\",\"potentialAction\":[{\"@type\":\"SearchAction\",\"target\":{\"@type\":\"EntryPoint\",\"urlTemplate\":\"https:\/\/paletscuerva.net\/?s={search_term_string}\"},\"query-input\":{\"@type\":\"PropertyValueSpecification\",\"valueRequired\":true,\"valueName\":\"search_term_string\"}}],\"inLanguage\":\"ca\"}]}<\/script>\n<!-- \/ Yoast SEO plugin. -->","yoast_head_json":{"title":"Palets Montcada - Palets Cuerva","robots":{"index":"index","follow":"follow","max-snippet":"max-snippet:-1","max-image-preview":"max-image-preview:large","max-video-preview":"max-video-preview:-1"},"canonical":"https:\/\/paletscuerva.net\/ca\/palets-montcada\/","og_locale":"ca_ES","og_type":"article","og_title":"Palets Montcada - Palets Cuerva","og_description":"Soluciones de calidad con Palets Cuerva En Palets Cuerva, nos especializamos en la fabricaci\u00f3n, reciclaje y distribuci\u00f3n de palets Montcada, brindando soluciones personalizadas para empresas que buscan eficiencia y sostenibilidad en su cadena log\u00edstica. Trabajamos con materiales de primera calidad para garantizar productos duraderos y adaptados a las necesidades de nuestros clientes. Plataformas de carga&hellip;&nbsp;Palets Montcada","og_url":"https:\/\/paletscuerva.net\/ca\/palets-montcada\/","og_site_name":"Palets Cuerva","article_modified_time":"2024-12-17T16:15:50+00:00","og_image":[{"url":"https:\/\/paletscuerva.net\/wp-content\/uploads\/2023\/05\/IMG_8697-1024x683.jpg","type":"","width":"","height":""}],"twitter_card":"summary_large_image","twitter_misc":{"Temps estimat de lectura":"2 minuts"},"schema":{"@context":"https:\/\/schema.org","@graph":[{"@type":"WebPage","@id":"https:\/\/paletscuerva.net\/palets-montcada\/","url":"https:\/\/paletscuerva.net\/palets-montcada\/","name":"Palets Montcada - Palets Cuerva","isPartOf":{"@id":"https:\/\/paletscuerva.net\/#website"},"primaryImageOfPage":{"@id":"https:\/\/paletscuerva.net\/palets-montcada\/#primaryimage"},"image":{"@id":"https:\/\/paletscuerva.net\/palets-montcada\/#primaryimage"},"thumbnailUrl":"https:\/\/paletscuerva.net\/wp-content\/uploads\/2023\/05\/IMG_8697-1024x683.jpg","datePublished":"2024-12-17T16:15:00+00:00","dateModified":"2024-12-17T16:15:50+00:00","breadcrumb":{"@id":"https:\/\/paletscuerva.net\/palets-montcada\/#breadcrumb"},"inLanguage":"ca","potentialAction":[{"@type":"ReadAction","target":["https:\/\/paletscuerva.net\/palets-montcada\/"]}]},{"@type":"ImageObject","inLanguage":"ca","@id":"https:\/\/paletscuerva.net\/palets-montcada\/#primaryimage","url":"https:\/\/paletscuerva.net\/wp-content\/uploads\/2023\/05\/IMG_8697-1024x683.jpg","contentUrl":"https:\/\/paletscuerva.net\/wp-content\/uploads\/2023\/05\/IMG_8697-1024x683.jpg"},{"@type":"BreadcrumbList","@id":"https:\/\/paletscuerva.net\/palets-montcada\/#breadcrumb","itemListElement":[{"@type":"ListItem","position":1,"name":"Portada","item":"https:\/\/paletscuerva.net\/"},{"@type":"ListItem","position":2,"name":"Palets Montcada"}]},{"@type":"WebSite","@id":"https:\/\/paletscuerva.net\/#website","url":"https:\/\/paletscuerva.net\/","name":"Palets Cuerva","description":"Fabricaci\u00f3n, venta y restauraci\u00f3n de palets en Barcelona.","potentialAction":[{"@type":"SearchAction","target":{"@type":"EntryPoint","urlTemplate":"https:\/\/paletscuerva.net\/?s={search_term_string}"},"query-input":{"@type":"PropertyValueSpecification","valueRequired":true,"valueName":"search_term_string"}}],"inLanguage":"ca"}]}},"_links":{"self":[{"href":"https:\/\/paletscuerva.net\/ca\/wp-json\/wp\/v2\/pages\/1287","targetHints":{"allow":["GET"]}}],"collection":[{"href":"https:\/\/paletscuerva.net\/ca\/wp-json\/wp\/v2\/pages"}],"about":[{"href":"https:\/\/paletscuerva.net\/ca\/wp-json\/wp\/v2\/types\/page"}],"author":[{"embeddable":true,"href":"https:\/\/paletscuerva.net\/ca\/wp-json\/wp\/v2\/users\/1"}],"replies":[{"embeddable":true,"href":"https:\/\/paletscuerva.net\/ca\/wp-json\/wp\/v2\/comments?post=1287"}],"version-history":[{"count":4,"href":"https:\/\/paletscuerva.net\/ca\/wp-json\/wp\/v2\/pages\/1287\/revisions"}],"predecessor-version":[{"id":1304,"href":"https:\/\/paletscuerva.net\/ca\/wp-json\/wp\/v2\/pages\/1287\/revisions\/1304"}],"wp:attachment":[{"href":"https:\/\/paletscuerva.net\/ca\/wp-json\/wp\/v2\/media?parent=1287"}],"curies":[{"name":"wp","href":"https:\/\/api.w.org\/{rel}","templated":true}]}}