{"id":404,"date":"2023-05-12T10:52:42","date_gmt":"2023-05-12T10:52:42","guid":{"rendered":"https:\/\/paletscuerva.net\/?page_id=404"},"modified":"2024-03-08T10:06:57","modified_gmt":"2024-03-08T10:06:57","slug":"empresa-palets-barcelona","status":"publish","type":"page","link":"https:\/\/paletscuerva.net\/ca\/empresa-palets-barcelona\/","title":{"rendered":"Empresa palet Barcelona"},"content":{"rendered":"<div data-elementor-type=\"wp-page\" data-elementor-id=\"404\" class=\"elementor elementor-404\" data-elementor-post-type=\"page\">\n\t\t\t\t\t\t<section class=\"elementor-section elementor-top-section elementor-element elementor-element-62ba8f2 elementor-section-boxed elementor-section-height-default elementor-section-height-default\" data-id=\"62ba8f2\" data-element_type=\"section\">\n\t\t\t\t\t\t<div class=\"elementor-container elementor-column-gap-default\">\n\t\t\t\t\t<div class=\"elementor-column elementor-col-66 elementor-top-column elementor-element elementor-element-a109682\" data-id=\"a109682\" data-element_type=\"column\">\n\t\t\t<div class=\"elementor-widget-wrap elementor-element-populated\">\n\t\t\t\t\t\t<div class=\"elementor-element elementor-element-460b75f elementor-widget elementor-widget-text-editor\" data-id=\"460b75f\" data-element_type=\"widget\" data-widget_type=\"text-editor.default\">\n\t\t\t\t<div class=\"elementor-widget-container\">\n\t\t\t\t\t\t\t\t\t<p class=\"MsoNormal\" style=\"text-align: justify;\">\u00a1Bienvenido a Palets Cuerva! Somos una empresa l\u00edder en Barcelona especializada en la fabricaci\u00f3n, venta y reparaci\u00f3n de palets. Como <b>empresa palets Barcelona<\/b>, nos enorgullece ofrecer soluciones de calidad para tus necesidades de embalaje y log\u00edstica.<\/p><p class=\"MsoNormal\" style=\"text-align: justify;\">Con a\u00f1os de experiencia en el sector, nos hemos convertido en un referente en la industria de los palets. Trabajamos con clientes de diversos sectores, desde peque\u00f1as empresas hasta grandes corporaciones, brindando un servicio personalizado y adaptado a cada necesidad.<\/p><p class=\"MsoNormal\" style=\"text-align: justify;\">Nuestra amplia gama de productos y servicios incluye la fabricaci\u00f3n de palets nuevos, la venta de palets usados de alta calidad y la reparaci\u00f3n de palets da\u00f1ados. Ya sea que necesites palets est\u00e1ndar o palets personalizados, podemos ayudarte a encontrar la soluci\u00f3n perfecta.<\/p><p class=\"MsoNormal\" style=\"text-align: justify;\">Como <b>empresa palets Barcelona<\/b>, entendemos la importancia de la calidad y la durabilidad. Utilizamos materiales de primera calidad en la fabricaci\u00f3n de nuestros palets, asegurando que sean resistentes y confiables. Adem\u00e1s, nuestros palets usados pasan por un riguroso proceso de selecci\u00f3n y clasificaci\u00f3n para garantizar su buen estado.<\/p><p class=\"MsoNormal\" style=\"text-align: justify;\">Nuestro equipo de expertos en reparaci\u00f3n de palets est\u00e1 capacitado para abordar cualquier problema que puedan tener tus palets. Desde la sustituci\u00f3n de tablas rotas hasta la reparaci\u00f3n de clavos sueltos, nos encargamos de restaurar tus palets y devolverles su funcionalidad.<\/p><p>\u00a0<\/p><p class=\"MsoNormal\" style=\"text-align: justify;\">Nos enorgullece ser una <b>empresa palets Barcelona<\/b> comprometida con la sostenibilidad. Promovemos la reutilizaci\u00f3n y el reciclaje de palets, contribuyendo as\u00ed a la reducci\u00f3n de residuos y al cuidado del medio ambiente. Al elegir nuestros palets usados o utilizar nuestros servicios de reparaci\u00f3n, est\u00e1s tomando una decisi\u00f3n ecoamigable.<\/p>\t\t\t\t\t\t\t\t<\/div>\n\t\t\t\t<\/div>\n\t\t\t\t<div class=\"elementor-element elementor-element-1b4611b elementor-widget elementor-widget-image\" data-id=\"1b4611b\" data-element_type=\"widget\" data-widget_type=\"image.default\">\n\t\t\t\t<div class=\"elementor-widget-container\">\n\t\t\t\t\t\t\t\t\t\t\t\t\t\t\t<img fetchpriority=\"high\" decoding=\"async\" width=\"1024\" height=\"683\" src=\"https:\/\/paletscuerva.net\/wp-content\/uploads\/2023\/05\/IMG_8697-1024x683.jpg\" class=\"attachment-large size-large wp-image-176\" alt=\"Distribuci\u00f3n Palets listos para ser utilizados\" srcset=\"https:\/\/paletscuerva.net\/wp-content\/uploads\/2023\/05\/IMG_8697-1024x683.jpg 1024w, https:\/\/paletscuerva.net\/wp-content\/uploads\/2023\/05\/IMG_8697-300x200.jpg 300w, https:\/\/paletscuerva.net\/wp-content\/uploads\/2023\/05\/IMG_8697-768x512.jpg 768w, https:\/\/paletscuerva.net\/wp-content\/uploads\/2023\/05\/IMG_8697-1536x1024.jpg 1536w, https:\/\/paletscuerva.net\/wp-content\/uploads\/2023\/05\/IMG_8697-2048x1365.jpg 2048w, https:\/\/paletscuerva.net\/wp-content\/uploads\/2023\/05\/IMG_8697-930x620.jpg 930w\" sizes=\"(max-width: 1024px) 100vw, 1024px\" \/>\t\t\t\t\t\t\t\t\t\t\t\t\t\t\t<\/div>\n\t\t\t\t<\/div>\n\t\t\t\t<div class=\"elementor-element elementor-element-ca527e8 elementor-align-center elementor-widget elementor-widget-button\" data-id=\"ca527e8\" data-element_type=\"widget\" data-widget_type=\"button.default\">\n\t\t\t\t<div class=\"elementor-widget-container\">\n\t\t\t\t\t\t\t\t\t<div class=\"elementor-button-wrapper\">\n\t\t\t\t\t<a class=\"elementor-button elementor-button-link elementor-size-sm\" href=\"https:\/\/paletscuerva.net\/ca\/contacto\/\">\n\t\t\t\t\t\t<span class=\"elementor-button-content-wrapper\">\n\t\t\t\t\t\t\t\t\t<span class=\"elementor-button-text\">CONTACTA CON NOSOTROS<\/span>\n\t\t\t\t\t<\/span>\n\t\t\t\t\t<\/a>\n\t\t\t\t<\/div>\n\t\t\t\t\t\t\t\t<\/div>\n\t\t\t\t<\/div>\n\t\t\t\t<div class=\"elementor-element elementor-element-2588747 elementor-widget elementor-widget-text-editor\" data-id=\"2588747\" data-element_type=\"widget\" data-widget_type=\"text-editor.default\">\n\t\t\t\t<div class=\"elementor-widget-container\">\n\t\t\t\t\t\t\t\t\t<p class=\"MsoNormal\" style=\"text-align:justify\">Como<b> empresa palets Barcelona<\/b>, nos comprometemos a mantener altos\nest\u00e1ndares de calidad en todos nuestros productos y servicios. Nuestros palets\ncumplen con las normativas y regulaciones m\u00e1s exigentes, garantizando la\nseguridad y confiabilidad en su uso.<o:p><\/o:p><\/p><p class=\"MsoNormal\" style=\"text-align:justify\">Adem\u00e1s de nuestra oferta de\npalets, tambi\u00e9n ofrecemos servicios de log\u00edstica y distribuci\u00f3n. Podemos\nencargarnos del transporte y la entrega de tus palets, brind\u00e1ndote una soluci\u00f3n\nintegral y ahorr\u00e1ndote tiempo y esfuerzo en la gesti\u00f3n log\u00edstica.<o:p><\/o:p><\/p><p class=\"MsoNormal\" style=\"text-align:justify\">En Palets Cuerva, creemos en establecer\nrelaciones s\u00f3lidas y duraderas con nuestros clientes. Valoramos tu confianza y\nnos esforzamos por superar tus expectativas en cada interacci\u00f3n. Nuestro\nobjetivo es ser tu socio confiable y brindarte soluciones de palets que\nimpulsen el \u00e9xito de tu negocio.<o:p><\/o:p><\/p><p class=\"MsoNormal\" style=\"text-align:justify\">No importa el tama\u00f1o o la\ncomplejidad de tu proyecto, en Palets Cuerva estamos preparados para enfrentar\ncualquier desaf\u00edo. Nuestro equipo altamente capacitado y nuestras instalaciones\nmodernas nos permiten ofrecer un servicio de primera calidad y cumplir con tus\nplazos y requerimientos.<o:p><\/o:p><\/p><p class=\"MsoNormal\" style=\"text-align:justify\">Adem\u00e1s de nuestra dedicaci\u00f3n a la\ncalidad y la sostenibilidad, tambi\u00e9n nos destacamos por nuestro servicio al\ncliente excepcional. Nuestro equipo amable y profesional est\u00e1 listo para\natender tus consultas, asesorarte en tus necesidades de palets y brindarte una\nexperiencia de compra satisfactoria.<o:p><\/o:p><\/p><p>\n\n\n\n\n\n\n\n\n\n<\/p><p class=\"MsoNormal\" style=\"text-align:justify\">En resumen, como empresa palets\nBarcelona, en Palets Cuerva ofrecemos soluciones completas y confiables para\ntus necesidades de palets. Ya sea que necesites palets nuevos, usados o\nreparados, estamos aqu\u00ed para ayudarte. Cont\u00e1ctanos hoy mismo y descubre por qu\u00e9\nsomos la elecci\u00f3n preferida de empresas en Barcelona para sus requerimientos de\npalets.<o:p><\/o:p><\/p>\t\t\t\t\t\t\t\t<\/div>\n\t\t\t\t<\/div>\n\t\t\t\t\t<\/div>\n\t\t<\/div>\n\t\t\t\t<div class=\"elementor-column elementor-col-33 elementor-top-column elementor-element elementor-element-15f838b\" data-id=\"15f838b\" data-element_type=\"column\">\n\t\t\t<div class=\"elementor-widget-wrap elementor-element-populated\">\n\t\t\t\t\t\t<div class=\"elementor-element elementor-element-21dc753 elementor-widget elementor-widget-heading\" data-id=\"21dc753\" data-element_type=\"widget\" data-widget_type=\"heading.default\">\n\t\t\t\t<div class=\"elementor-widget-container\">\n\t\t\t\t\t<h3 class=\"elementor-heading-title elementor-size-default\">Envia&#039;ns la teva consulta<\/h3>\t\t\t\t<\/div>\n\t\t\t\t<\/div>\n\t\t\t\t<div class=\"elementor-element elementor-element-889d8ad elementor-button-align-stretch elementor-widget elementor-widget-form\" data-id=\"889d8ad\" data-element_type=\"widget\" data-settings=\"{&quot;step_next_label&quot;:&quot;Next&quot;,&quot;step_previous_label&quot;:&quot;Previous&quot;,&quot;button_width&quot;:&quot;100&quot;,&quot;step_type&quot;:&quot;number_text&quot;,&quot;step_icon_shape&quot;:&quot;circle&quot;}\" data-widget_type=\"form.default\">\n\t\t\t\t<div class=\"elementor-widget-container\">\n\t\t\t\t\t\t\t<form class=\"elementor-form\" method=\"post\" name=\"New Form\" action=\"\">\n\t\t\t<input type=\"hidden\" name=\"post_id\" value=\"404\"\/>\n\t\t\t<input type=\"hidden\" name=\"form_id\" value=\"889d8ad\"\/>\n\t\t\t<input type=\"hidden\" name=\"referer_title\" value=\"Palets Cuerva\" \/>\n\n\t\t\t\n\t\t\t<div class=\"elementor-form-fields-wrapper elementor-labels-\">\n\t\t\t\t\t\t\t\t<div class=\"elementor-field-type-text elementor-field-group elementor-column elementor-field-group-name elementor-col-100\">\n\t\t\t\t\t\t\t\t\t\t\t\t<label for=\"form-field-name\" class=\"elementor-field-label elementor-screen-only\">\n\t\t\t\t\t\t\t\tNom\t\t\t\t\t\t\t<\/label>\n\t\t\t\t\t\t\t\t\t\t\t\t\t\t<input size=\"1\" type=\"text\" name=\"form_fields[name]\" id=\"form-field-name\" class=\"elementor-field elementor-size-sm  elementor-field-textual\" placeholder=\"Nom\">\n\t\t\t\t\t\t\t\t\t\t\t<\/div>\n\t\t\t\t\t\t\t\t<div class=\"elementor-field-type-email elementor-field-group elementor-column elementor-field-group-field_375f705 elementor-col-100\">\n\t\t\t\t\t\t\t\t\t\t\t\t<label for=\"form-field-field_375f705\" class=\"elementor-field-label elementor-screen-only\">\n\t\t\t\t\t\t\t\tCorreu electr\u00f2nic\t\t\t\t\t\t\t<\/label>\n\t\t\t\t\t\t\t\t\t\t\t\t\t\t<input size=\"1\" type=\"email\" name=\"form_fields[field_375f705]\" id=\"form-field-field_375f705\" class=\"elementor-field elementor-size-sm  elementor-field-textual\" placeholder=\"Correu electr\u00f2nic\">\n\t\t\t\t\t\t\t\t\t\t\t<\/div>\n\t\t\t\t\t\t\t\t<div class=\"elementor-field-type-tel elementor-field-group elementor-column elementor-field-group-field_8701c68 elementor-col-100 elementor-field-required\">\n\t\t\t\t\t\t\t\t\t\t\t\t<label for=\"form-field-field_8701c68\" class=\"elementor-field-label elementor-screen-only\">\n\t\t\t\t\t\t\t\tTel\u00e8fon\t\t\t\t\t\t\t<\/label>\n\t\t\t\t\t\t\t\t<input size=\"1\" type=\"tel\" name=\"form_fields[field_8701c68]\" id=\"form-field-field_8701c68\" class=\"elementor-field elementor-size-sm  elementor-field-textual\" placeholder=\"Tel\u00e8fon\" required=\"required\" pattern=\"[0-9()#&amp;+*-=.]+\" title=\"Only numbers and phone characters (#, -, *, etc) are accepted.\">\n\n\t\t\t\t\t\t<\/div>\n\t\t\t\t\t\t\t\t<div class=\"elementor-field-type-text elementor-field-group elementor-column elementor-field-group-email elementor-col-100 elementor-field-required\">\n\t\t\t\t\t\t\t\t\t\t\t\t<label for=\"form-field-email\" class=\"elementor-field-label elementor-screen-only\">\n\t\t\t\t\t\t\t\tTema\t\t\t\t\t\t\t<\/label>\n\t\t\t\t\t\t\t\t\t\t\t\t\t\t<input size=\"1\" type=\"text\" name=\"form_fields[email]\" id=\"form-field-email\" class=\"elementor-field elementor-size-sm  elementor-field-textual\" placeholder=\"Tema\" required=\"required\">\n\t\t\t\t\t\t\t\t\t\t\t<\/div>\n\t\t\t\t\t\t\t\t<div class=\"elementor-field-type-textarea elementor-field-group elementor-column elementor-field-group-message elementor-col-100\">\n\t\t\t\t\t\t\t\t\t\t\t\t<label for=\"form-field-message\" class=\"elementor-field-label elementor-screen-only\">\n\t\t\t\t\t\t\t\tMissatge\t\t\t\t\t\t\t<\/label>\n\t\t\t\t\t\t<textarea class=\"elementor-field-textual elementor-field  elementor-size-sm\" name=\"form_fields[message]\" id=\"form-field-message\" rows=\"4\" placeholder=\"Missatge \/ consulta (opcional)\"><\/textarea>\t\t\t\t<\/div>\n\t\t\t\t\t\t\t\t<div class=\"elementor-field-type-acceptance elementor-field-group elementor-column elementor-field-group-field_e8cc4b4 elementor-col-100\">\n\t\t\t\t\t\t\t<div class=\"elementor-field-subgroup\">\n\t\t\t<span class=\"elementor-field-option\">\n\t\t\t\t<input type=\"checkbox\" name=\"form_fields[field_e8cc4b4]\" id=\"form-field-field_e8cc4b4\" class=\"elementor-field elementor-size-sm  elementor-acceptance-field\">\n\t\t\t\t<label for=\"form-field-field_e8cc4b4\">He llegit i accepto la <a href=\"https:\/\/paletscuerva.net\/ca\/\">pol\u00edtica de privacitat.<\/a><\/label>\t\t\t<\/span>\n\t\t<\/div>\n\t\t\t\t\t\t<\/div>\n\t\t\t\t\t\t\t\t<div class=\"elementor-field-type-text\">\n\t\t\t\t\t<input size=\"1\" type=\"text\" name=\"form_fields[field_080ea28]\" id=\"form-field-field_080ea28\" class=\"elementor-field elementor-size-sm\" style=\"display:none !important;\">\t\t\t\t<\/div>\n\t\t\t\t\t\t\t\t<div class=\"elementor-field-type-recaptcha_v3 elementor-field-group elementor-column elementor-field-group-field_453a7e7 elementor-col-100 recaptcha_v3-bottomleft\">\n\t\t\t\t\t<div class=\"elementor-field\" id=\"form-field-field_453a7e7\"><div class=\"elementor-g-recaptcha\" data-sitekey=\"6Le8qJEpAAAAAJAJ5zRhi2S9OKRT9UGVIsqxgz-p\" data-type=\"v3\" data-action=\"Form\" data-badge=\"bottomleft\" data-size=\"invisible\"><\/div><\/div>\t\t\t\t<\/div>\n\t\t\t\t\t\t\t\t<div class=\"elementor-field-group elementor-column elementor-field-type-submit elementor-col-100 e-form__buttons\">\n\t\t\t\t\t<button class=\"elementor-button elementor-size-sm\" type=\"submit\">\n\t\t\t\t\t\t<span class=\"elementor-button-content-wrapper\">\n\t\t\t\t\t\t\t\t\t\t\t\t\t\t\t\t\t\t\t\t\t\t<span class=\"elementor-button-text\">Enviar<\/span>\n\t\t\t\t\t\t\t\t\t\t\t\t\t<\/span>\n\t\t\t\t\t<\/button>\n\t\t\t\t<\/div>\n\t\t\t<\/div>\n\t\t<input type=\"hidden\" name=\"trp-form-language\" value=\"ca\"\/><\/form>\n\t\t\t\t\t\t<\/div>\n\t\t\t\t<\/div>\n\t\t\t\t\t<\/div>\n\t\t<\/div>\n\t\t\t\t\t<\/div>\n\t\t<\/section>\n\t\t\t\t<\/div>","protected":false},"excerpt":{"rendered":"<p>\u00a1Bienvenido a Palets Cuerva! Somos una empresa l\u00edder en Barcelona especializada en la fabricaci\u00f3n, venta y reparaci\u00f3n de palets. Como empresa palets Barcelona, nos enorgullece ofrecer soluciones de calidad para tus necesidades de embalaje y log\u00edstica. Con a\u00f1os de experiencia en el sector, nos hemos convertido en un referente en la industria de los palets.&hellip;&nbsp;<a href=\"https:\/\/paletscuerva.net\/ca\/empresa-palets-barcelona\/\" rel=\"bookmark\"><span class=\"screen-reader-text\">Empresa palet Barcelona<\/span><\/a><\/p>","protected":false},"author":1,"featured_media":0,"parent":0,"menu_order":0,"comment_status":"closed","ping_status":"closed","template":"","meta":{"neve_meta_sidebar":"","neve_meta_container":"","neve_meta_enable_content_width":"off","neve_meta_content_width":100,"neve_meta_title_alignment":"","neve_meta_author_avatar":"","neve_post_elements_order":"","neve_meta_disable_header":"","neve_meta_disable_footer":"","neve_meta_disable_title":"","neve_meta_reading_time":"","footnotes":""},"class_list":["post-404","page","type-page","status-publish","hentry"],"yoast_head":"<!-- This site is optimized with the Yoast SEO plugin v25.2 - https:\/\/yoast.com\/wordpress\/plugins\/seo\/ -->\n<title>Empresa palets Barcelona - Palets Cuerva<\/title>\n<meta name=\"robots\" content=\"index, follow, max-snippet:-1, max-image-preview:large, max-video-preview:-1\" \/>\n<link rel=\"canonical\" href=\"https:\/\/paletscuerva.net\/ca\/empresa-palets-barcelona\/\" \/>\n<meta property=\"og:locale\" content=\"ca_ES\" \/>\n<meta property=\"og:type\" content=\"article\" \/>\n<meta property=\"og:title\" content=\"Empresa palets Barcelona - Palets Cuerva\" \/>\n<meta property=\"og:description\" content=\"\u00a1Bienvenido a Palets Cuerva! Somos una empresa l\u00edder en Barcelona especializada en la fabricaci\u00f3n, venta y reparaci\u00f3n de palets. Como empresa palets Barcelona, nos enorgullece ofrecer soluciones de calidad para tus necesidades de embalaje y log\u00edstica. Con a\u00f1os de experiencia en el sector, nos hemos convertido en un referente en la industria de los palets.&hellip;&nbsp;Empresa palets Barcelona\" \/>\n<meta property=\"og:url\" content=\"https:\/\/paletscuerva.net\/ca\/empresa-palets-barcelona\/\" \/>\n<meta property=\"og:site_name\" content=\"Palets Cuerva\" \/>\n<meta property=\"article:modified_time\" content=\"2024-03-08T10:06:57+00:00\" \/>\n<meta property=\"og:image\" content=\"https:\/\/paletscuerva.net\/wp-content\/uploads\/2023\/05\/IMG_8697-1024x683.jpg\" \/>\n<meta name=\"twitter:card\" content=\"summary_large_image\" \/>\n<meta name=\"twitter:label1\" content=\"Temps estimat de lectura\" \/>\n\t<meta name=\"twitter:data1\" content=\"3 minuts\" \/>\n<script type=\"application\/ld+json\" class=\"yoast-schema-graph\">{\"@context\":\"https:\/\/schema.org\",\"@graph\":[{\"@type\":\"WebPage\",\"@id\":\"https:\/\/paletscuerva.net\/empresa-palets-barcelona\/\",\"url\":\"https:\/\/paletscuerva.net\/empresa-palets-barcelona\/\",\"name\":\"Empresa palets Barcelona - Palets Cuerva\",\"isPartOf\":{\"@id\":\"https:\/\/paletscuerva.net\/#website\"},\"primaryImageOfPage\":{\"@id\":\"https:\/\/paletscuerva.net\/empresa-palets-barcelona\/#primaryimage\"},\"image\":{\"@id\":\"https:\/\/paletscuerva.net\/empresa-palets-barcelona\/#primaryimage\"},\"thumbnailUrl\":\"https:\/\/paletscuerva.net\/wp-content\/uploads\/2023\/05\/IMG_8697-1024x683.jpg\",\"datePublished\":\"2023-05-12T10:52:42+00:00\",\"dateModified\":\"2024-03-08T10:06:57+00:00\",\"breadcrumb\":{\"@id\":\"https:\/\/paletscuerva.net\/empresa-palets-barcelona\/#breadcrumb\"},\"inLanguage\":\"ca\",\"potentialAction\":[{\"@type\":\"ReadAction\",\"target\":[\"https:\/\/paletscuerva.net\/empresa-palets-barcelona\/\"]}]},{\"@type\":\"ImageObject\",\"inLanguage\":\"ca\",\"@id\":\"https:\/\/paletscuerva.net\/empresa-palets-barcelona\/#primaryimage\",\"url\":\"https:\/\/paletscuerva.net\/wp-content\/uploads\/2023\/05\/IMG_8697-1024x683.jpg\",\"contentUrl\":\"https:\/\/paletscuerva.net\/wp-content\/uploads\/2023\/05\/IMG_8697-1024x683.jpg\"},{\"@type\":\"BreadcrumbList\",\"@id\":\"https:\/\/paletscuerva.net\/empresa-palets-barcelona\/#breadcrumb\",\"itemListElement\":[{\"@type\":\"ListItem\",\"position\":1,\"name\":\"Portada\",\"item\":\"https:\/\/paletscuerva.net\/\"},{\"@type\":\"ListItem\",\"position\":2,\"name\":\"Empresa palets Barcelona\"}]},{\"@type\":\"WebSite\",\"@id\":\"https:\/\/paletscuerva.net\/#website\",\"url\":\"https:\/\/paletscuerva.net\/\",\"name\":\"Palets Cuerva\",\"description\":\"Fabricaci\u00f3n, venta y restauraci\u00f3n de palets en Barcelona.\",\"potentialAction\":[{\"@type\":\"SearchAction\",\"target\":{\"@type\":\"EntryPoint\",\"urlTemplate\":\"https:\/\/paletscuerva.net\/?s={search_term_string}\"},\"query-input\":{\"@type\":\"PropertyValueSpecification\",\"valueRequired\":true,\"valueName\":\"search_term_string\"}}],\"inLanguage\":\"ca\"}]}<\/script>\n<!-- \/ Yoast SEO plugin. -->","yoast_head_json":{"title":"Empresa palets Barcelona - Palets Cuerva","robots":{"index":"index","follow":"follow","max-snippet":"max-snippet:-1","max-image-preview":"max-image-preview:large","max-video-preview":"max-video-preview:-1"},"canonical":"https:\/\/paletscuerva.net\/ca\/empresa-palets-barcelona\/","og_locale":"ca_ES","og_type":"article","og_title":"Empresa palets Barcelona - Palets Cuerva","og_description":"\u00a1Bienvenido a Palets Cuerva! Somos una empresa l\u00edder en Barcelona especializada en la fabricaci\u00f3n, venta y reparaci\u00f3n de palets. Como empresa palets Barcelona, nos enorgullece ofrecer soluciones de calidad para tus necesidades de embalaje y log\u00edstica. Con a\u00f1os de experiencia en el sector, nos hemos convertido en un referente en la industria de los palets.&hellip;&nbsp;Empresa palets Barcelona","og_url":"https:\/\/paletscuerva.net\/ca\/empresa-palets-barcelona\/","og_site_name":"Palets Cuerva","article_modified_time":"2024-03-08T10:06:57+00:00","og_image":[{"url":"https:\/\/paletscuerva.net\/wp-content\/uploads\/2023\/05\/IMG_8697-1024x683.jpg","type":"","width":"","height":""}],"twitter_card":"summary_large_image","twitter_misc":{"Temps estimat de lectura":"3 minuts"},"schema":{"@context":"https:\/\/schema.org","@graph":[{"@type":"WebPage","@id":"https:\/\/paletscuerva.net\/empresa-palets-barcelona\/","url":"https:\/\/paletscuerva.net\/empresa-palets-barcelona\/","name":"Empresa palets Barcelona - Palets Cuerva","isPartOf":{"@id":"https:\/\/paletscuerva.net\/#website"},"primaryImageOfPage":{"@id":"https:\/\/paletscuerva.net\/empresa-palets-barcelona\/#primaryimage"},"image":{"@id":"https:\/\/paletscuerva.net\/empresa-palets-barcelona\/#primaryimage"},"thumbnailUrl":"https:\/\/paletscuerva.net\/wp-content\/uploads\/2023\/05\/IMG_8697-1024x683.jpg","datePublished":"2023-05-12T10:52:42+00:00","dateModified":"2024-03-08T10:06:57+00:00","breadcrumb":{"@id":"https:\/\/paletscuerva.net\/empresa-palets-barcelona\/#breadcrumb"},"inLanguage":"ca","potentialAction":[{"@type":"ReadAction","target":["https:\/\/paletscuerva.net\/empresa-palets-barcelona\/"]}]},{"@type":"ImageObject","inLanguage":"ca","@id":"https:\/\/paletscuerva.net\/empresa-palets-barcelona\/#primaryimage","url":"https:\/\/paletscuerva.net\/wp-content\/uploads\/2023\/05\/IMG_8697-1024x683.jpg","contentUrl":"https:\/\/paletscuerva.net\/wp-content\/uploads\/2023\/05\/IMG_8697-1024x683.jpg"},{"@type":"BreadcrumbList","@id":"https:\/\/paletscuerva.net\/empresa-palets-barcelona\/#breadcrumb","itemListElement":[{"@type":"ListItem","position":1,"name":"Portada","item":"https:\/\/paletscuerva.net\/"},{"@type":"ListItem","position":2,"name":"Empresa palets Barcelona"}]},{"@type":"WebSite","@id":"https:\/\/paletscuerva.net\/#website","url":"https:\/\/paletscuerva.net\/","name":"Palets Cuerva","description":"Fabricaci\u00f3n, venta y restauraci\u00f3n de palets en Barcelona.","potentialAction":[{"@type":"SearchAction","target":{"@type":"EntryPoint","urlTemplate":"https:\/\/paletscuerva.net\/?s={search_term_string}"},"query-input":{"@type":"PropertyValueSpecification","valueRequired":true,"valueName":"search_term_string"}}],"inLanguage":"ca"}]}},"_links":{"self":[{"href":"https:\/\/paletscuerva.net\/ca\/wp-json\/wp\/v2\/pages\/404","targetHints":{"allow":["GET"]}}],"collection":[{"href":"https:\/\/paletscuerva.net\/ca\/wp-json\/wp\/v2\/pages"}],"about":[{"href":"https:\/\/paletscuerva.net\/ca\/wp-json\/wp\/v2\/types\/page"}],"author":[{"embeddable":true,"href":"https:\/\/paletscuerva.net\/ca\/wp-json\/wp\/v2\/users\/1"}],"replies":[{"embeddable":true,"href":"https:\/\/paletscuerva.net\/ca\/wp-json\/wp\/v2\/comments?post=404"}],"version-history":[{"count":10,"href":"https:\/\/paletscuerva.net\/ca\/wp-json\/wp\/v2\/pages\/404\/revisions"}],"predecessor-version":[{"id":1014,"href":"https:\/\/paletscuerva.net\/ca\/wp-json\/wp\/v2\/pages\/404\/revisions\/1014"}],"wp:attachment":[{"href":"https:\/\/paletscuerva.net\/ca\/wp-json\/wp\/v2\/media?parent=404"}],"curies":[{"name":"wp","href":"https:\/\/api.w.org\/{rel}","templated":true}]}}