{"id":689,"date":"2023-06-26T10:22:56","date_gmt":"2023-06-26T10:22:56","guid":{"rendered":"https:\/\/paletscuerva.net\/?page_id=689"},"modified":"2024-03-08T09:57:06","modified_gmt":"2024-03-08T09:57:06","slug":"compra-de-palets-granollers","status":"publish","type":"page","link":"https:\/\/paletscuerva.net\/ca\/compra-de-palets-granollers\/","title":{"rendered":"Compra de palets Granollers"},"content":{"rendered":"<div data-elementor-type=\"wp-page\" data-elementor-id=\"689\" class=\"elementor elementor-689\" data-elementor-post-type=\"page\">\n\t\t\t\t\t\t<section class=\"elementor-section elementor-top-section elementor-element elementor-element-62ba8f2 elementor-section-boxed elementor-section-height-default elementor-section-height-default\" data-id=\"62ba8f2\" data-element_type=\"section\">\n\t\t\t\t\t\t<div class=\"elementor-container elementor-column-gap-default\">\n\t\t\t\t\t<div class=\"elementor-column elementor-col-66 elementor-top-column elementor-element elementor-element-a109682\" data-id=\"a109682\" data-element_type=\"column\">\n\t\t\t<div class=\"elementor-widget-wrap elementor-element-populated\">\n\t\t\t\t\t\t<div class=\"elementor-element elementor-element-460b75f elementor-widget elementor-widget-text-editor\" data-id=\"460b75f\" data-element_type=\"widget\" data-widget_type=\"text-editor.default\">\n\t\t\t\t<div class=\"elementor-widget-container\">\n\t\t\t\t\t\t\t\t\t<p>Son incontables las empresas en Granollers que utilizan palets para el env\u00edo y almacenamiento de mercanc\u00edas. \u00bfPor qu\u00e9, sin embargo, este m\u00e9todo es tan ampliamente utilizado? \u00bfCu\u00e1les son los beneficios de estos productos simples pero efectivos?<\/p><p>La <strong>compra de palets en Granollers<\/strong> se convierten en la principal herramienta para el transporte de mercanc\u00eda. Los palets permiten apilar art\u00edculos m\u00e1s peque\u00f1os, lo que facilita el seguimiento de las mercanc\u00edas. Los art\u00edculos apilados en palets se aseguran en su lugar utilizando varios m\u00e9todos de protecci\u00f3n de palets para garantizar que no se pierdan ni se muevan. Los palets vienen en tama\u00f1os y formas universales, lo que significa que son f\u00e1ciles de levantar y apilar con carretillas elevadoras y transpaletas.<\/p><p>Asimismo, la <strong>compra de palets en Granollers <\/strong>ofrece protecci\u00f3n a los bienes al garantizar que est\u00e9n asegurados en un solo lugar. El uso de protecci\u00f3n de palets, incluidos los tubos reforzados y la envoltura de palets, mantiene los productos bien embalados y evita que se muevan o se suelten. Esto ayuda a eliminar golpes y sacudidas de art\u00edculos individuales durante el tr\u00e1nsito.<\/p><p>Los palets son mucho m\u00e1s resistentes que otros contenedores de env\u00edo, incluidas las cajas de cart\u00f3n. Su fuerza superior significa que se pueden apilar m\u00e1s art\u00edculos y art\u00edculos m\u00e1s pesados en un solo palet sin que se rompa. Los palets tambi\u00e9n se levantan del suelo para garantizar que ning\u00fan art\u00edculo apilado en el pal\u00e9 quede sumergido en suciedad, escombros o agua.<\/p>\t\t\t\t\t\t\t\t<\/div>\n\t\t\t\t<\/div>\n\t\t\t\t<div class=\"elementor-element elementor-element-1b4611b elementor-widget elementor-widget-image\" data-id=\"1b4611b\" data-element_type=\"widget\" data-widget_type=\"image.default\">\n\t\t\t\t<div class=\"elementor-widget-container\">\n\t\t\t\t\t\t\t\t\t\t\t\t\t\t\t<img fetchpriority=\"high\" decoding=\"async\" width=\"1024\" height=\"683\" src=\"https:\/\/paletscuerva.net\/wp-content\/uploads\/2023\/05\/IMG_8697-1024x683.jpg\" class=\"attachment-large size-large wp-image-176\" alt=\"Distribuci\u00f3n Palets listos para ser utilizados\" srcset=\"https:\/\/paletscuerva.net\/wp-content\/uploads\/2023\/05\/IMG_8697-1024x683.jpg 1024w, https:\/\/paletscuerva.net\/wp-content\/uploads\/2023\/05\/IMG_8697-300x200.jpg 300w, https:\/\/paletscuerva.net\/wp-content\/uploads\/2023\/05\/IMG_8697-768x512.jpg 768w, https:\/\/paletscuerva.net\/wp-content\/uploads\/2023\/05\/IMG_8697-1536x1024.jpg 1536w, https:\/\/paletscuerva.net\/wp-content\/uploads\/2023\/05\/IMG_8697-2048x1365.jpg 2048w, https:\/\/paletscuerva.net\/wp-content\/uploads\/2023\/05\/IMG_8697-930x620.jpg 930w\" sizes=\"(max-width: 1024px) 100vw, 1024px\" \/>\t\t\t\t\t\t\t\t\t\t\t\t\t\t\t<\/div>\n\t\t\t\t<\/div>\n\t\t\t\t<div class=\"elementor-element elementor-element-7e112bc elementor-align-center elementor-widget elementor-widget-button\" data-id=\"7e112bc\" data-element_type=\"widget\" data-widget_type=\"button.default\">\n\t\t\t\t<div class=\"elementor-widget-container\">\n\t\t\t\t\t\t\t\t\t<div class=\"elementor-button-wrapper\">\n\t\t\t\t\t<a class=\"elementor-button elementor-button-link elementor-size-sm\" href=\"https:\/\/paletscuerva.net\/ca\/contacto\/\">\n\t\t\t\t\t\t<span class=\"elementor-button-content-wrapper\">\n\t\t\t\t\t\t\t\t\t<span class=\"elementor-button-text\">CONTACTA CON NOSOTROS<\/span>\n\t\t\t\t\t<\/span>\n\t\t\t\t\t<\/a>\n\t\t\t\t<\/div>\n\t\t\t\t\t\t\t\t<\/div>\n\t\t\t\t<\/div>\n\t\t\t\t<div class=\"elementor-element elementor-element-2588747 elementor-widget elementor-widget-text-editor\" data-id=\"2588747\" data-element_type=\"widget\" data-widget_type=\"text-editor.default\">\n\t\t\t\t<div class=\"elementor-widget-container\">\n\t\t\t\t\t\t\t\t\t<p>Otro beneficio de la <strong>compra de palets en Granollers<\/strong> es que estos elementos se pueden usar una y otra vez. A menudo se env\u00edan de un lado a otro entre un fabricante y un comprador docenas de veces antes de que ya no se puedan utilizar. Una vez que se hacen andrajos y pasan su mejor momento, se pueden reciclar. Los palets de cualquier material son totalmente reciclables. Los palets de pl\u00e1stico y metal se pueden derretir y las paletas de madera se pueden usar en otros proyectos, quemar o triturar para compost.<\/p><p>Los palets son ligeros para su tama\u00f1o y ocupan muy poco espacio. Se pueden apilar de forma que el espacio ocupado en el suelo sea m\u00ednimo. La estructura liviana de los palets significa que se agrega poco peso a los productos que se env\u00edan. Los palets son lo suficientemente livianas para ser transportadas por una sola persona.<\/p><p>Si est\u00e1 organizando la <strong>compra de palets en Granollers <\/strong>para su negocio, no dude en contactarnos. Le ofrecemos los mejores productos y la mejor atenci\u00f3n para el beneficio de su empresa. Nos encargamos de que tenga toda la informaci\u00f3n necesaria para la <strong>compra de palets en Granollers. <\/strong>\u00a1Estamos para ayudarlo! No dude en llamarnos.<\/p>\t\t\t\t\t\t\t\t<\/div>\n\t\t\t\t<\/div>\n\t\t\t\t\t<\/div>\n\t\t<\/div>\n\t\t\t\t<div class=\"elementor-column elementor-col-33 elementor-top-column elementor-element elementor-element-15f838b\" data-id=\"15f838b\" data-element_type=\"column\">\n\t\t\t<div class=\"elementor-widget-wrap elementor-element-populated\">\n\t\t\t\t\t\t<div class=\"elementor-element elementor-element-21dc753 elementor-widget elementor-widget-heading\" data-id=\"21dc753\" data-element_type=\"widget\" data-widget_type=\"heading.default\">\n\t\t\t\t<div class=\"elementor-widget-container\">\n\t\t\t\t\t<h3 class=\"elementor-heading-title elementor-size-default\">Envia&#039;ns la teva consulta<\/h3>\t\t\t\t<\/div>\n\t\t\t\t<\/div>\n\t\t\t\t<div class=\"elementor-element elementor-element-889d8ad elementor-button-align-stretch elementor-widget elementor-widget-form\" data-id=\"889d8ad\" data-element_type=\"widget\" data-settings=\"{&quot;step_next_label&quot;:&quot;Next&quot;,&quot;step_previous_label&quot;:&quot;Previous&quot;,&quot;button_width&quot;:&quot;100&quot;,&quot;step_type&quot;:&quot;number_text&quot;,&quot;step_icon_shape&quot;:&quot;circle&quot;}\" data-widget_type=\"form.default\">\n\t\t\t\t<div class=\"elementor-widget-container\">\n\t\t\t\t\t\t\t<form class=\"elementor-form\" method=\"post\" name=\"New Form\" action=\"\">\n\t\t\t<input type=\"hidden\" name=\"post_id\" value=\"689\"\/>\n\t\t\t<input type=\"hidden\" name=\"form_id\" value=\"889d8ad\"\/>\n\t\t\t<input type=\"hidden\" name=\"referer_title\" value=\"Palets Cuerva\" \/>\n\n\t\t\t\n\t\t\t<div class=\"elementor-form-fields-wrapper elementor-labels-\">\n\t\t\t\t\t\t\t\t<div class=\"elementor-field-type-text elementor-field-group elementor-column elementor-field-group-name elementor-col-100\">\n\t\t\t\t\t\t\t\t\t\t\t\t<label for=\"form-field-name\" class=\"elementor-field-label elementor-screen-only\">\n\t\t\t\t\t\t\t\tNom\t\t\t\t\t\t\t<\/label>\n\t\t\t\t\t\t\t\t\t\t\t\t\t\t<input size=\"1\" type=\"text\" name=\"form_fields[name]\" id=\"form-field-name\" class=\"elementor-field elementor-size-sm  elementor-field-textual\" placeholder=\"Nom\">\n\t\t\t\t\t\t\t\t\t\t\t<\/div>\n\t\t\t\t\t\t\t\t<div class=\"elementor-field-type-email elementor-field-group elementor-column elementor-field-group-field_375f705 elementor-col-100\">\n\t\t\t\t\t\t\t\t\t\t\t\t<label for=\"form-field-field_375f705\" class=\"elementor-field-label elementor-screen-only\">\n\t\t\t\t\t\t\t\tCorreu electr\u00f2nic\t\t\t\t\t\t\t<\/label>\n\t\t\t\t\t\t\t\t\t\t\t\t\t\t<input size=\"1\" type=\"email\" name=\"form_fields[field_375f705]\" id=\"form-field-field_375f705\" class=\"elementor-field elementor-size-sm  elementor-field-textual\" placeholder=\"Correu electr\u00f2nic\">\n\t\t\t\t\t\t\t\t\t\t\t<\/div>\n\t\t\t\t\t\t\t\t<div class=\"elementor-field-type-tel elementor-field-group elementor-column elementor-field-group-field_8701c68 elementor-col-100 elementor-field-required\">\n\t\t\t\t\t\t\t\t\t\t\t\t<label for=\"form-field-field_8701c68\" class=\"elementor-field-label elementor-screen-only\">\n\t\t\t\t\t\t\t\tTel\u00e8fon\t\t\t\t\t\t\t<\/label>\n\t\t\t\t\t\t\t\t<input size=\"1\" type=\"tel\" name=\"form_fields[field_8701c68]\" id=\"form-field-field_8701c68\" class=\"elementor-field elementor-size-sm  elementor-field-textual\" placeholder=\"Tel\u00e8fon\" required=\"required\" pattern=\"[0-9()#&amp;+*-=.]+\" title=\"Only numbers and phone characters (#, -, *, etc) are accepted.\">\n\n\t\t\t\t\t\t<\/div>\n\t\t\t\t\t\t\t\t<div class=\"elementor-field-type-text elementor-field-group elementor-column elementor-field-group-email elementor-col-100 elementor-field-required\">\n\t\t\t\t\t\t\t\t\t\t\t\t<label for=\"form-field-email\" class=\"elementor-field-label elementor-screen-only\">\n\t\t\t\t\t\t\t\tTema\t\t\t\t\t\t\t<\/label>\n\t\t\t\t\t\t\t\t\t\t\t\t\t\t<input size=\"1\" type=\"text\" name=\"form_fields[email]\" id=\"form-field-email\" class=\"elementor-field elementor-size-sm  elementor-field-textual\" placeholder=\"Tema\" required=\"required\">\n\t\t\t\t\t\t\t\t\t\t\t<\/div>\n\t\t\t\t\t\t\t\t<div class=\"elementor-field-type-textarea elementor-field-group elementor-column elementor-field-group-message elementor-col-100\">\n\t\t\t\t\t\t\t\t\t\t\t\t<label for=\"form-field-message\" class=\"elementor-field-label elementor-screen-only\">\n\t\t\t\t\t\t\t\tMissatge\t\t\t\t\t\t\t<\/label>\n\t\t\t\t\t\t<textarea class=\"elementor-field-textual elementor-field  elementor-size-sm\" name=\"form_fields[message]\" id=\"form-field-message\" rows=\"4\" placeholder=\"Missatge \/ consulta (opcional)\"><\/textarea>\t\t\t\t<\/div>\n\t\t\t\t\t\t\t\t<div class=\"elementor-field-type-acceptance elementor-field-group elementor-column elementor-field-group-field_e8cc4b4 elementor-col-100\">\n\t\t\t\t\t\t\t<div class=\"elementor-field-subgroup\">\n\t\t\t<span class=\"elementor-field-option\">\n\t\t\t\t<input type=\"checkbox\" name=\"form_fields[field_e8cc4b4]\" id=\"form-field-field_e8cc4b4\" class=\"elementor-field elementor-size-sm  elementor-acceptance-field\">\n\t\t\t\t<label for=\"form-field-field_e8cc4b4\">He llegit i accepto la <a href=\"https:\/\/paletscuerva.net\/ca\/\">pol\u00edtica de privacitat.<\/a><\/label>\t\t\t<\/span>\n\t\t<\/div>\n\t\t\t\t\t\t<\/div>\n\t\t\t\t\t\t\t\t<div class=\"elementor-field-type-text\">\n\t\t\t\t\t<input size=\"1\" type=\"text\" name=\"form_fields[field_9fb1051]\" id=\"form-field-field_9fb1051\" class=\"elementor-field elementor-size-sm\" style=\"display:none !important;\">\t\t\t\t<\/div>\n\t\t\t\t\t\t\t\t<div class=\"elementor-field-type-recaptcha_v3 elementor-field-group elementor-column elementor-field-group-field_9dc1a3c elementor-col-100 recaptcha_v3-bottomright\">\n\t\t\t\t\t<div class=\"elementor-field\" id=\"form-field-field_9dc1a3c\"><div class=\"elementor-g-recaptcha\" data-sitekey=\"6Le8qJEpAAAAAJAJ5zRhi2S9OKRT9UGVIsqxgz-p\" data-type=\"v3\" data-action=\"Form\" data-badge=\"bottomright\" data-size=\"invisible\"><\/div><\/div>\t\t\t\t<\/div>\n\t\t\t\t\t\t\t\t<div class=\"elementor-field-group elementor-column elementor-field-type-submit elementor-col-100 e-form__buttons\">\n\t\t\t\t\t<button class=\"elementor-button elementor-size-sm\" type=\"submit\">\n\t\t\t\t\t\t<span class=\"elementor-button-content-wrapper\">\n\t\t\t\t\t\t\t\t\t\t\t\t\t\t\t\t\t\t\t\t\t\t<span class=\"elementor-button-text\">Enviar<\/span>\n\t\t\t\t\t\t\t\t\t\t\t\t\t<\/span>\n\t\t\t\t\t<\/button>\n\t\t\t\t<\/div>\n\t\t\t<\/div>\n\t\t<input type=\"hidden\" name=\"trp-form-language\" value=\"ca\"\/><\/form>\n\t\t\t\t\t\t<\/div>\n\t\t\t\t<\/div>\n\t\t\t\t\t<\/div>\n\t\t<\/div>\n\t\t\t\t\t<\/div>\n\t\t<\/section>\n\t\t\t\t<\/div>","protected":false},"excerpt":{"rendered":"<p>Son incontables las empresas en Granollers que utilizan palets para el env\u00edo y almacenamiento de mercanc\u00edas. \u00bfPor qu\u00e9, sin embargo, este m\u00e9todo es tan ampliamente utilizado? \u00bfCu\u00e1les son los beneficios de estos productos simples pero efectivos? La compra de palets en Granollers se convierten en la principal herramienta para el transporte de mercanc\u00eda. Los palets&hellip;&nbsp;<a href=\"https:\/\/paletscuerva.net\/ca\/compra-de-palets-granollers\/\" rel=\"bookmark\"><span class=\"screen-reader-text\">Compra de palets Granollers<\/span><\/a><\/p>","protected":false},"author":1,"featured_media":0,"parent":0,"menu_order":0,"comment_status":"closed","ping_status":"closed","template":"","meta":{"neve_meta_sidebar":"","neve_meta_container":"","neve_meta_enable_content_width":"off","neve_meta_content_width":100,"neve_meta_title_alignment":"","neve_meta_author_avatar":"","neve_post_elements_order":"","neve_meta_disable_header":"","neve_meta_disable_footer":"","neve_meta_disable_title":"","neve_meta_reading_time":"","footnotes":""},"class_list":["post-689","page","type-page","status-publish","hentry"],"yoast_head":"<!-- This site is optimized with the Yoast SEO plugin v25.2 - https:\/\/yoast.com\/wordpress\/plugins\/seo\/ -->\n<title>Compra de palets Granollers - Palets Cuerva<\/title>\n<meta name=\"robots\" content=\"index, follow, max-snippet:-1, max-image-preview:large, max-video-preview:-1\" \/>\n<link rel=\"canonical\" href=\"https:\/\/paletscuerva.net\/ca\/compra-de-palets-granollers\/\" \/>\n<meta property=\"og:locale\" content=\"ca_ES\" \/>\n<meta property=\"og:type\" content=\"article\" \/>\n<meta property=\"og:title\" content=\"Compra de palets Granollers - Palets Cuerva\" \/>\n<meta property=\"og:description\" content=\"Son incontables las empresas en Granollers que utilizan palets para el env\u00edo y almacenamiento de mercanc\u00edas. \u00bfPor qu\u00e9, sin embargo, este m\u00e9todo es tan ampliamente utilizado? \u00bfCu\u00e1les son los beneficios de estos productos simples pero efectivos? La compra de palets en Granollers se convierten en la principal herramienta para el transporte de mercanc\u00eda. Los palets&hellip;&nbsp;Compra de palets Granollers\" \/>\n<meta property=\"og:url\" content=\"https:\/\/paletscuerva.net\/ca\/compra-de-palets-granollers\/\" \/>\n<meta property=\"og:site_name\" content=\"Palets Cuerva\" \/>\n<meta property=\"article:modified_time\" content=\"2024-03-08T09:57:06+00:00\" \/>\n<meta property=\"og:image\" content=\"https:\/\/paletscuerva.net\/wp-content\/uploads\/2023\/05\/IMG_8697-1024x683.jpg\" \/>\n<meta name=\"twitter:card\" content=\"summary_large_image\" \/>\n<meta name=\"twitter:label1\" content=\"Temps estimat de lectura\" \/>\n\t<meta name=\"twitter:data1\" content=\"3 minuts\" \/>\n<script type=\"application\/ld+json\" class=\"yoast-schema-graph\">{\"@context\":\"https:\/\/schema.org\",\"@graph\":[{\"@type\":\"WebPage\",\"@id\":\"https:\/\/paletscuerva.net\/compra-de-palets-granollers\/\",\"url\":\"https:\/\/paletscuerva.net\/compra-de-palets-granollers\/\",\"name\":\"Compra de palets Granollers - Palets Cuerva\",\"isPartOf\":{\"@id\":\"https:\/\/paletscuerva.net\/#website\"},\"primaryImageOfPage\":{\"@id\":\"https:\/\/paletscuerva.net\/compra-de-palets-granollers\/#primaryimage\"},\"image\":{\"@id\":\"https:\/\/paletscuerva.net\/compra-de-palets-granollers\/#primaryimage\"},\"thumbnailUrl\":\"https:\/\/paletscuerva.net\/wp-content\/uploads\/2023\/05\/IMG_8697-1024x683.jpg\",\"datePublished\":\"2023-06-26T10:22:56+00:00\",\"dateModified\":\"2024-03-08T09:57:06+00:00\",\"breadcrumb\":{\"@id\":\"https:\/\/paletscuerva.net\/compra-de-palets-granollers\/#breadcrumb\"},\"inLanguage\":\"ca\",\"potentialAction\":[{\"@type\":\"ReadAction\",\"target\":[\"https:\/\/paletscuerva.net\/compra-de-palets-granollers\/\"]}]},{\"@type\":\"ImageObject\",\"inLanguage\":\"ca\",\"@id\":\"https:\/\/paletscuerva.net\/compra-de-palets-granollers\/#primaryimage\",\"url\":\"https:\/\/paletscuerva.net\/wp-content\/uploads\/2023\/05\/IMG_8697-1024x683.jpg\",\"contentUrl\":\"https:\/\/paletscuerva.net\/wp-content\/uploads\/2023\/05\/IMG_8697-1024x683.jpg\"},{\"@type\":\"BreadcrumbList\",\"@id\":\"https:\/\/paletscuerva.net\/compra-de-palets-granollers\/#breadcrumb\",\"itemListElement\":[{\"@type\":\"ListItem\",\"position\":1,\"name\":\"Portada\",\"item\":\"https:\/\/paletscuerva.net\/\"},{\"@type\":\"ListItem\",\"position\":2,\"name\":\"Compra de palets Granollers\"}]},{\"@type\":\"WebSite\",\"@id\":\"https:\/\/paletscuerva.net\/#website\",\"url\":\"https:\/\/paletscuerva.net\/\",\"name\":\"Palets Cuerva\",\"description\":\"Fabricaci\u00f3n, venta y restauraci\u00f3n de palets en Barcelona.\",\"potentialAction\":[{\"@type\":\"SearchAction\",\"target\":{\"@type\":\"EntryPoint\",\"urlTemplate\":\"https:\/\/paletscuerva.net\/?s={search_term_string}\"},\"query-input\":{\"@type\":\"PropertyValueSpecification\",\"valueRequired\":true,\"valueName\":\"search_term_string\"}}],\"inLanguage\":\"ca\"}]}<\/script>\n<!-- \/ Yoast SEO plugin. -->","yoast_head_json":{"title":"Compra de palets Granollers - Palets Cuerva","robots":{"index":"index","follow":"follow","max-snippet":"max-snippet:-1","max-image-preview":"max-image-preview:large","max-video-preview":"max-video-preview:-1"},"canonical":"https:\/\/paletscuerva.net\/ca\/compra-de-palets-granollers\/","og_locale":"ca_ES","og_type":"article","og_title":"Compra de palets Granollers - Palets Cuerva","og_description":"Son incontables las empresas en Granollers que utilizan palets para el env\u00edo y almacenamiento de mercanc\u00edas. \u00bfPor qu\u00e9, sin embargo, este m\u00e9todo es tan ampliamente utilizado? \u00bfCu\u00e1les son los beneficios de estos productos simples pero efectivos? La compra de palets en Granollers se convierten en la principal herramienta para el transporte de mercanc\u00eda. Los palets&hellip;&nbsp;Compra de palets Granollers","og_url":"https:\/\/paletscuerva.net\/ca\/compra-de-palets-granollers\/","og_site_name":"Palets Cuerva","article_modified_time":"2024-03-08T09:57:06+00:00","og_image":[{"url":"https:\/\/paletscuerva.net\/wp-content\/uploads\/2023\/05\/IMG_8697-1024x683.jpg","type":"","width":"","height":""}],"twitter_card":"summary_large_image","twitter_misc":{"Temps estimat de lectura":"3 minuts"},"schema":{"@context":"https:\/\/schema.org","@graph":[{"@type":"WebPage","@id":"https:\/\/paletscuerva.net\/compra-de-palets-granollers\/","url":"https:\/\/paletscuerva.net\/compra-de-palets-granollers\/","name":"Compra de palets Granollers - Palets Cuerva","isPartOf":{"@id":"https:\/\/paletscuerva.net\/#website"},"primaryImageOfPage":{"@id":"https:\/\/paletscuerva.net\/compra-de-palets-granollers\/#primaryimage"},"image":{"@id":"https:\/\/paletscuerva.net\/compra-de-palets-granollers\/#primaryimage"},"thumbnailUrl":"https:\/\/paletscuerva.net\/wp-content\/uploads\/2023\/05\/IMG_8697-1024x683.jpg","datePublished":"2023-06-26T10:22:56+00:00","dateModified":"2024-03-08T09:57:06+00:00","breadcrumb":{"@id":"https:\/\/paletscuerva.net\/compra-de-palets-granollers\/#breadcrumb"},"inLanguage":"ca","potentialAction":[{"@type":"ReadAction","target":["https:\/\/paletscuerva.net\/compra-de-palets-granollers\/"]}]},{"@type":"ImageObject","inLanguage":"ca","@id":"https:\/\/paletscuerva.net\/compra-de-palets-granollers\/#primaryimage","url":"https:\/\/paletscuerva.net\/wp-content\/uploads\/2023\/05\/IMG_8697-1024x683.jpg","contentUrl":"https:\/\/paletscuerva.net\/wp-content\/uploads\/2023\/05\/IMG_8697-1024x683.jpg"},{"@type":"BreadcrumbList","@id":"https:\/\/paletscuerva.net\/compra-de-palets-granollers\/#breadcrumb","itemListElement":[{"@type":"ListItem","position":1,"name":"Portada","item":"https:\/\/paletscuerva.net\/"},{"@type":"ListItem","position":2,"name":"Compra de palets Granollers"}]},{"@type":"WebSite","@id":"https:\/\/paletscuerva.net\/#website","url":"https:\/\/paletscuerva.net\/","name":"Palets Cuerva","description":"Fabricaci\u00f3n, venta y restauraci\u00f3n de palets en Barcelona.","potentialAction":[{"@type":"SearchAction","target":{"@type":"EntryPoint","urlTemplate":"https:\/\/paletscuerva.net\/?s={search_term_string}"},"query-input":{"@type":"PropertyValueSpecification","valueRequired":true,"valueName":"search_term_string"}}],"inLanguage":"ca"}]}},"_links":{"self":[{"href":"https:\/\/paletscuerva.net\/ca\/wp-json\/wp\/v2\/pages\/689","targetHints":{"allow":["GET"]}}],"collection":[{"href":"https:\/\/paletscuerva.net\/ca\/wp-json\/wp\/v2\/pages"}],"about":[{"href":"https:\/\/paletscuerva.net\/ca\/wp-json\/wp\/v2\/types\/page"}],"author":[{"embeddable":true,"href":"https:\/\/paletscuerva.net\/ca\/wp-json\/wp\/v2\/users\/1"}],"replies":[{"embeddable":true,"href":"https:\/\/paletscuerva.net\/ca\/wp-json\/wp\/v2\/comments?post=689"}],"version-history":[{"count":10,"href":"https:\/\/paletscuerva.net\/ca\/wp-json\/wp\/v2\/pages\/689\/revisions"}],"predecessor-version":[{"id":966,"href":"https:\/\/paletscuerva.net\/ca\/wp-json\/wp\/v2\/pages\/689\/revisions\/966"}],"wp:attachment":[{"href":"https:\/\/paletscuerva.net\/ca\/wp-json\/wp\/v2\/media?parent=689"}],"curies":[{"name":"wp","href":"https:\/\/api.w.org\/{rel}","templated":true}]}}