{"id":757,"date":"2023-09-15T07:50:05","date_gmt":"2023-09-15T07:50:05","guid":{"rendered":"https:\/\/paletscuerva.net\/?page_id=757"},"modified":"2024-03-08T10:10:02","modified_gmt":"2024-03-08T10:10:02","slug":"palets-barcelona","status":"publish","type":"page","link":"https:\/\/paletscuerva.net\/ca\/palets-barcelona\/","title":{"rendered":"Palets Barcelona"},"content":{"rendered":"<div data-elementor-type=\"wp-page\" data-elementor-id=\"757\" class=\"elementor elementor-757\" data-elementor-post-type=\"page\">\n\t\t\t\t\t\t<section class=\"elementor-section elementor-top-section elementor-element elementor-element-62ba8f2 elementor-section-boxed elementor-section-height-default elementor-section-height-default\" data-id=\"62ba8f2\" data-element_type=\"section\">\n\t\t\t\t\t\t<div class=\"elementor-container elementor-column-gap-default\">\n\t\t\t\t\t<div class=\"elementor-column elementor-col-66 elementor-top-column elementor-element elementor-element-a109682\" data-id=\"a109682\" data-element_type=\"column\">\n\t\t\t<div class=\"elementor-widget-wrap elementor-element-populated\">\n\t\t\t\t\t\t<div class=\"elementor-element elementor-element-460b75f elementor-widget elementor-widget-text-editor\" data-id=\"460b75f\" data-element_type=\"widget\" data-widget_type=\"text-editor.default\">\n\t\t\t\t<div class=\"elementor-widget-container\">\n\t\t\t\t\t\t\t\t\t<p style=\"text-align: justify;\">El transporte de mercanc\u00eda es un elemento fundamental de m\u00faltiples empresas en Barcelona. Sin embargo, el llevar las piezas de forma eficiente y sin p\u00e9rdidas o da\u00f1os se puede convertir en un reto. Es all\u00ed en donde es importante el uso de <strong>palets en Barcelona<\/strong>. \u00a0Pero \u00bfPor qu\u00e9 los <strong>palets en Barcelona<\/strong> son una parte tan indispensable de tantas industrias diferentes? \u00bfY qu\u00e9 diferencias pueden suponer para su negocio?<\/p><p style=\"text-align: justify;\">La respuesta corta es que facilitan mucho muchas de las tareas comunes de log\u00edstica y almacenamiento. Los <strong>palets en Barcelona<\/strong> son parte del m\u00e9todo de env\u00edo est\u00e1ndar en casi todas las industrias que env\u00edan mercanc\u00edas. Facilitan y agilizan la descarga de camiones y contenedores, adem\u00e1s de agilizar los procedimientos de seguimiento y organizaci\u00f3n.<\/p><p style=\"text-align: justify;\">Por ejemplo, la carretilla elevadora y los <strong>palets en Barcelona<\/strong> van de la mano. Juntas, las dos tecnolog\u00edas proporcionan, con diferencia, la forma m\u00e1s sencilla y r\u00e1pida de mover productos por un almac\u00e9n o muelle de carga. La mayor\u00eda de los tipos de palets de env\u00edo est\u00e1n dise\u00f1ados espec\u00edficamente para ser levantadas y movidas por una carretilla elevadora.<\/p><p style=\"text-align: justify;\">La mayor\u00eda de los productos paletizados pueden manipularse f\u00e1cilmente en cualquier almac\u00e9n con equipos est\u00e1ndar de manipulaci\u00f3n de palets, como montacargas y transpaletas. Si sus mercanc\u00edas no se almacenan en <strong>palets en Barcelona<\/strong>, se est\u00e1 quedando sin algunas de las herramientas m\u00e1s importantes que muchos almacenes utilizan para manejar la carga.<\/p><p style=\"text-align: justify;\">Muchas innovaciones en el almacenamiento han sido posibles gracias a los palets. Los operadores de montacargas pueden colocar paletas en estantes altos, abriendo numerosas posibilidades de organizaci\u00f3n vertical. Los almacenes pueden almacenar productos de dos, tres o m\u00e1s estantes de altura con un simple proceso de colocaci\u00f3n. Sin palets, consumir\u00e1 muchas horas de trabajo simplemente depositando y retirando su producto de los estantes altos, si es que puede utilizar una estrategia vertical.<\/p><p style=\"text-align: justify;\">La gesti\u00f3n eficaz del inventario es imprescindible para cualquier almac\u00e9n, y los <strong>palets en Barcelona<\/strong> separan los productos en unidades que son f\u00e1ciles de contar y rastrear. Al utilizar sistemas de inventario, como lectores de c\u00f3digos de barras de palets, el personal del almac\u00e9n puede monitorear de manera eficiente el stock, as\u00ed como los env\u00edos entrantes y salientes mediante las identificaciones de c\u00f3digos de barras en los palets.<\/p><p style=\"text-align: justify;\">A esto se suma que art\u00edculos como los productos frescos necesitan espacio para respirar. Los espacios en la parte inferior de los <strong>palets en Barcelona<\/strong> son vitales para almacenar adecuadamente estos art\u00edculos porque brindan el espacio necesario para que las corrientes de aire entren y salgan. Si env\u00eda productos agr\u00edcolas u otros art\u00edculos que necesitan circulaci\u00f3n de aire, los <strong>palets en Barcelona<\/strong> ofrecen este beneficio de una manera que la mayor\u00eda de los otros m\u00e9todos de organizaci\u00f3n de carga no pueden ofrecer.<\/p><p style=\"text-align: justify;\">Si busca los mejores <strong>palets en Barcelona <\/strong>no dude en comunicarse con nosotros. Le ofrecemos la mejor atenci\u00f3n y calidad del sector.<\/p><p style=\"text-align: justify;\">\u00a0<\/p>\t\t\t\t\t\t\t\t<\/div>\n\t\t\t\t<\/div>\n\t\t\t\t<div class=\"elementor-element elementor-element-1b4611b elementor-widget elementor-widget-image\" data-id=\"1b4611b\" data-element_type=\"widget\" data-widget_type=\"image.default\">\n\t\t\t\t<div class=\"elementor-widget-container\">\n\t\t\t\t\t\t\t\t\t\t\t\t\t\t\t<img fetchpriority=\"high\" decoding=\"async\" width=\"1024\" height=\"683\" src=\"https:\/\/paletscuerva.net\/wp-content\/uploads\/2023\/05\/IMG_8697-1024x683.jpg\" class=\"attachment-large size-large wp-image-176\" alt=\"Distribuci\u00f3n Palets listos para ser utilizados\" srcset=\"https:\/\/paletscuerva.net\/wp-content\/uploads\/2023\/05\/IMG_8697-1024x683.jpg 1024w, https:\/\/paletscuerva.net\/wp-content\/uploads\/2023\/05\/IMG_8697-300x200.jpg 300w, https:\/\/paletscuerva.net\/wp-content\/uploads\/2023\/05\/IMG_8697-768x512.jpg 768w, https:\/\/paletscuerva.net\/wp-content\/uploads\/2023\/05\/IMG_8697-1536x1024.jpg 1536w, https:\/\/paletscuerva.net\/wp-content\/uploads\/2023\/05\/IMG_8697-2048x1365.jpg 2048w, https:\/\/paletscuerva.net\/wp-content\/uploads\/2023\/05\/IMG_8697-930x620.jpg 930w\" sizes=\"(max-width: 1024px) 100vw, 1024px\" \/>\t\t\t\t\t\t\t\t\t\t\t\t\t\t\t<\/div>\n\t\t\t\t<\/div>\n\t\t\t\t<div class=\"elementor-element elementor-element-8c854da elementor-align-center elementor-widget elementor-widget-button\" data-id=\"8c854da\" data-element_type=\"widget\" data-widget_type=\"button.default\">\n\t\t\t\t<div class=\"elementor-widget-container\">\n\t\t\t\t\t\t\t\t\t<div class=\"elementor-button-wrapper\">\n\t\t\t\t\t<a class=\"elementor-button elementor-button-link elementor-size-sm\" href=\"https:\/\/paletscuerva.net\/ca\/contacto\/\">\n\t\t\t\t\t\t<span class=\"elementor-button-content-wrapper\">\n\t\t\t\t\t\t\t\t\t<span class=\"elementor-button-text\">CONTACTA CON NOSOTROS<\/span>\n\t\t\t\t\t<\/span>\n\t\t\t\t\t<\/a>\n\t\t\t\t<\/div>\n\t\t\t\t\t\t\t\t<\/div>\n\t\t\t\t<\/div>\n\t\t\t\t<div class=\"elementor-element elementor-element-2588747 elementor-widget__width-initial elementor-widget elementor-widget-text-editor\" data-id=\"2588747\" data-element_type=\"widget\" data-widget_type=\"text-editor.default\">\n\t\t\t\t<div class=\"elementor-widget-container\">\n\t\t\t\t\t\t\t\t\t<p style=\"line-height:150%\"><span style=\"font-family:&quot;Arial&quot;,&quot;sans-serif&quot;;color:black\">Persistiendo en nuestro compromiso de ofrecer soluciones\nintegrales, tambi\u00e9n hemos implementado un servicio de restauraci\u00f3n de palets.\nNuestro equipo de profesionales de la madera trabaja incansablemente para\nrestaurar palets desgastados o da\u00f1ados. A trav\u00e9s de una atenci\u00f3n meticulosa a\ncada minucioso detalle, devolvemos a estos palets su funcionalidad y apariencia\noriginales, asegur\u00e1ndonos de que cumplan con los m\u00e1s elevados est\u00e1ndares de\ncalidad antes de reintroducirlos en el mercado.<o:p><\/o:p><\/span><\/p><p style=\"line-height:150%\"><span style=\"font-family:&quot;Arial&quot;,&quot;sans-serif&quot;;color:black\">En nuestra constante b\u00fasqueda de un equilibrio entre la excelencia\ny la econom\u00eda, estamos orgullosos de presentar una alternativa eficiente y m\u00e1s\necon\u00f3mica a trav\u00e9s de nuestras plataformas de carga usadas y restauradas. Cada\nuno de estos procesos de <b>fabricaci\u00f3n de\npalets en Barcelona<\/b> ha sido sometido a rigurosas inspecciones y procesos de\nrestauraci\u00f3n, asegurando que ofrezcan un rendimiento \u00f3ptimo al tiempo que\nbrindan una soluci\u00f3n asequible y sostenible.<o:p><\/o:p><\/span><\/p><p>\n\n\n\n<\/p><p style=\"line-height:150%\"><span style=\"font-family:&quot;Arial&quot;,&quot;sans-serif&quot;;color:black\">Conf\u00eda en nosotros como tu socio confiable en la <b>fabricaci\u00f3n de palets en Barcelona<\/b>. No\nimporta si est\u00e1s en busca de soluciones est\u00e1ndar, personalizadas, recicladas o\nrestauradas; estamos aqu\u00ed para satisfacer tus necesidades y contribuir al\ndesarrollo de un entorno m\u00e1s sostenible. En Palets Cuerva te invitamos a\nponerte en contacto con nosotros en cualquier momento para explorar c\u00f3mo\npodemos colaborar en la creaci\u00f3n de la soluci\u00f3n perfecta para tus\nrequerimientos de palets.<o:p><\/o:p><\/span><\/p>\t\t\t\t\t\t\t\t<\/div>\n\t\t\t\t<\/div>\n\t\t\t\t\t<\/div>\n\t\t<\/div>\n\t\t\t\t<div class=\"elementor-column elementor-col-33 elementor-top-column elementor-element elementor-element-15f838b\" data-id=\"15f838b\" data-element_type=\"column\">\n\t\t\t<div class=\"elementor-widget-wrap elementor-element-populated\">\n\t\t\t\t\t\t<div class=\"elementor-element elementor-element-21dc753 elementor-widget elementor-widget-heading\" data-id=\"21dc753\" data-element_type=\"widget\" data-widget_type=\"heading.default\">\n\t\t\t\t<div class=\"elementor-widget-container\">\n\t\t\t\t\t<h3 class=\"elementor-heading-title elementor-size-default\">Envia&#039;ns la teva consulta<\/h3>\t\t\t\t<\/div>\n\t\t\t\t<\/div>\n\t\t\t\t<div class=\"elementor-element elementor-element-889d8ad elementor-button-align-stretch elementor-widget elementor-widget-form\" data-id=\"889d8ad\" data-element_type=\"widget\" data-settings=\"{&quot;step_next_label&quot;:&quot;Next&quot;,&quot;step_previous_label&quot;:&quot;Previous&quot;,&quot;button_width&quot;:&quot;100&quot;,&quot;step_type&quot;:&quot;number_text&quot;,&quot;step_icon_shape&quot;:&quot;circle&quot;}\" data-widget_type=\"form.default\">\n\t\t\t\t<div class=\"elementor-widget-container\">\n\t\t\t\t\t\t\t<form class=\"elementor-form\" method=\"post\" name=\"New Form\" action=\"\">\n\t\t\t<input type=\"hidden\" name=\"post_id\" value=\"757\"\/>\n\t\t\t<input type=\"hidden\" name=\"form_id\" value=\"889d8ad\"\/>\n\t\t\t<input type=\"hidden\" name=\"referer_title\" value=\"Palets Cuerva\" \/>\n\n\t\t\t\n\t\t\t<div class=\"elementor-form-fields-wrapper elementor-labels-\">\n\t\t\t\t\t\t\t\t<div class=\"elementor-field-type-text elementor-field-group elementor-column elementor-field-group-name elementor-col-100\">\n\t\t\t\t\t\t\t\t\t\t\t\t<label for=\"form-field-name\" class=\"elementor-field-label elementor-screen-only\">\n\t\t\t\t\t\t\t\tNom\t\t\t\t\t\t\t<\/label>\n\t\t\t\t\t\t\t\t\t\t\t\t\t\t<input size=\"1\" type=\"text\" name=\"form_fields[name]\" id=\"form-field-name\" class=\"elementor-field elementor-size-sm  elementor-field-textual\" placeholder=\"Nom\">\n\t\t\t\t\t\t\t\t\t\t\t<\/div>\n\t\t\t\t\t\t\t\t<div class=\"elementor-field-type-email elementor-field-group elementor-column elementor-field-group-field_375f705 elementor-col-100\">\n\t\t\t\t\t\t\t\t\t\t\t\t<label for=\"form-field-field_375f705\" class=\"elementor-field-label elementor-screen-only\">\n\t\t\t\t\t\t\t\tCorreu electr\u00f2nic\t\t\t\t\t\t\t<\/label>\n\t\t\t\t\t\t\t\t\t\t\t\t\t\t<input size=\"1\" type=\"email\" name=\"form_fields[field_375f705]\" id=\"form-field-field_375f705\" class=\"elementor-field elementor-size-sm  elementor-field-textual\" placeholder=\"Correu electr\u00f2nic\">\n\t\t\t\t\t\t\t\t\t\t\t<\/div>\n\t\t\t\t\t\t\t\t<div class=\"elementor-field-type-tel elementor-field-group elementor-column elementor-field-group-field_8701c68 elementor-col-100 elementor-field-required\">\n\t\t\t\t\t\t\t\t\t\t\t\t<label for=\"form-field-field_8701c68\" class=\"elementor-field-label elementor-screen-only\">\n\t\t\t\t\t\t\t\tTel\u00e8fon\t\t\t\t\t\t\t<\/label>\n\t\t\t\t\t\t\t\t<input size=\"1\" type=\"tel\" name=\"form_fields[field_8701c68]\" id=\"form-field-field_8701c68\" class=\"elementor-field elementor-size-sm  elementor-field-textual\" placeholder=\"Tel\u00e8fon\" required=\"required\" pattern=\"[0-9()#&amp;+*-=.]+\" title=\"Only numbers and phone characters (#, -, *, etc) are accepted.\">\n\n\t\t\t\t\t\t<\/div>\n\t\t\t\t\t\t\t\t<div class=\"elementor-field-type-text elementor-field-group elementor-column elementor-field-group-email elementor-col-100 elementor-field-required\">\n\t\t\t\t\t\t\t\t\t\t\t\t<label for=\"form-field-email\" class=\"elementor-field-label elementor-screen-only\">\n\t\t\t\t\t\t\t\tTema\t\t\t\t\t\t\t<\/label>\n\t\t\t\t\t\t\t\t\t\t\t\t\t\t<input size=\"1\" type=\"text\" name=\"form_fields[email]\" id=\"form-field-email\" class=\"elementor-field elementor-size-sm  elementor-field-textual\" placeholder=\"Tema\" required=\"required\">\n\t\t\t\t\t\t\t\t\t\t\t<\/div>\n\t\t\t\t\t\t\t\t<div class=\"elementor-field-type-textarea elementor-field-group elementor-column elementor-field-group-message elementor-col-100\">\n\t\t\t\t\t\t\t\t\t\t\t\t<label for=\"form-field-message\" class=\"elementor-field-label elementor-screen-only\">\n\t\t\t\t\t\t\t\tMissatge\t\t\t\t\t\t\t<\/label>\n\t\t\t\t\t\t<textarea class=\"elementor-field-textual elementor-field  elementor-size-sm\" name=\"form_fields[message]\" id=\"form-field-message\" rows=\"4\" placeholder=\"Missatge \/ consulta (opcional)\"><\/textarea>\t\t\t\t<\/div>\n\t\t\t\t\t\t\t\t<div class=\"elementor-field-type-acceptance elementor-field-group elementor-column elementor-field-group-field_e8cc4b4 elementor-col-100\">\n\t\t\t\t\t\t\t<div class=\"elementor-field-subgroup\">\n\t\t\t<span class=\"elementor-field-option\">\n\t\t\t\t<input type=\"checkbox\" name=\"form_fields[field_e8cc4b4]\" id=\"form-field-field_e8cc4b4\" class=\"elementor-field elementor-size-sm  elementor-acceptance-field\">\n\t\t\t\t<label for=\"form-field-field_e8cc4b4\">He llegit i accepto la <a href=\"https:\/\/paletscuerva.net\/ca\/\">pol\u00edtica de privacitat.<\/a><\/label>\t\t\t<\/span>\n\t\t<\/div>\n\t\t\t\t\t\t<\/div>\n\t\t\t\t\t\t\t\t<div class=\"elementor-field-type-text\">\n\t\t\t\t\t<input size=\"1\" type=\"text\" name=\"form_fields[field_d104c21]\" id=\"form-field-field_d104c21\" class=\"elementor-field elementor-size-sm\" style=\"display:none !important;\">\t\t\t\t<\/div>\n\t\t\t\t\t\t\t\t<div class=\"elementor-field-type-recaptcha_v3 elementor-field-group elementor-column elementor-field-group-field_ace3aef elementor-col-100 recaptcha_v3-bottomleft\">\n\t\t\t\t\t<div class=\"elementor-field\" id=\"form-field-field_ace3aef\"><div class=\"elementor-g-recaptcha\" data-sitekey=\"6Le8qJEpAAAAAJAJ5zRhi2S9OKRT9UGVIsqxgz-p\" data-type=\"v3\" data-action=\"Form\" data-badge=\"bottomleft\" data-size=\"invisible\"><\/div><\/div>\t\t\t\t<\/div>\n\t\t\t\t\t\t\t\t<div class=\"elementor-field-group elementor-column elementor-field-type-submit elementor-col-100 e-form__buttons\">\n\t\t\t\t\t<button class=\"elementor-button elementor-size-sm\" type=\"submit\">\n\t\t\t\t\t\t<span class=\"elementor-button-content-wrapper\">\n\t\t\t\t\t\t\t\t\t\t\t\t\t\t\t\t\t\t\t\t\t\t<span class=\"elementor-button-text\">Enviar<\/span>\n\t\t\t\t\t\t\t\t\t\t\t\t\t<\/span>\n\t\t\t\t\t<\/button>\n\t\t\t\t<\/div>\n\t\t\t<\/div>\n\t\t<input type=\"hidden\" name=\"trp-form-language\" value=\"ca\"\/><\/form>\n\t\t\t\t\t\t<\/div>\n\t\t\t\t<\/div>\n\t\t\t\t\t<\/div>\n\t\t<\/div>\n\t\t\t\t\t<\/div>\n\t\t<\/section>\n\t\t\t\t<\/div>","protected":false},"excerpt":{"rendered":"<p>El transporte de mercanc\u00eda es un elemento fundamental de m\u00faltiples empresas en Barcelona. Sin embargo, el llevar las piezas de forma eficiente y sin p\u00e9rdidas o da\u00f1os se puede convertir en un reto. Es all\u00ed en donde es importante el uso de palets en Barcelona. \u00a0Pero \u00bfPor qu\u00e9 los palets en Barcelona son una parte&hellip;&nbsp;<a href=\"https:\/\/paletscuerva.net\/ca\/palets-barcelona\/\" rel=\"bookmark\"><span class=\"screen-reader-text\">Palets Barcelona<\/span><\/a><\/p>","protected":false},"author":1,"featured_media":0,"parent":0,"menu_order":0,"comment_status":"closed","ping_status":"closed","template":"","meta":{"neve_meta_sidebar":"","neve_meta_container":"","neve_meta_enable_content_width":"off","neve_meta_content_width":100,"neve_meta_title_alignment":"","neve_meta_author_avatar":"","neve_post_elements_order":"","neve_meta_disable_header":"","neve_meta_disable_footer":"","neve_meta_disable_title":"","neve_meta_reading_time":"","footnotes":""},"class_list":["post-757","page","type-page","status-publish","hentry"],"yoast_head":"<!-- This site is optimized with the Yoast SEO plugin v25.2 - https:\/\/yoast.com\/wordpress\/plugins\/seo\/ -->\n<title>Compra-venta de palets - Palets Cuerva<\/title>\n<meta name=\"description\" content=\"Ofrecemos un amplio mercado para adquirir y vender palets, tanto nuevos como usados. SI necesitas comprar o vender palets, estamos aqu\u00ed para ayudarte.\" \/>\n<meta name=\"robots\" content=\"index, follow, max-snippet:-1, max-image-preview:large, max-video-preview:-1\" \/>\n<link rel=\"canonical\" href=\"https:\/\/paletscuerva.net\/ca\/palets-barcelona\/\" \/>\n<meta property=\"og:locale\" content=\"ca_ES\" \/>\n<meta property=\"og:type\" content=\"article\" \/>\n<meta property=\"og:title\" content=\"Compra-venta de palets - Palets Cuerva\" \/>\n<meta property=\"og:description\" content=\"Ofrecemos un amplio mercado para adquirir y vender palets, tanto nuevos como usados. SI necesitas comprar o vender palets, estamos aqu\u00ed para ayudarte.\" \/>\n<meta property=\"og:url\" content=\"https:\/\/paletscuerva.net\/ca\/palets-barcelona\/\" \/>\n<meta property=\"og:site_name\" content=\"Palets Cuerva\" \/>\n<meta property=\"article:modified_time\" content=\"2024-03-08T10:10:02+00:00\" \/>\n<meta property=\"og:image\" content=\"https:\/\/paletscuerva.net\/wp-content\/uploads\/2023\/05\/IMG_8697-1024x683.jpg\" \/>\n<meta name=\"twitter:card\" content=\"summary_large_image\" \/>\n<meta name=\"twitter:label1\" content=\"Temps estimat de lectura\" \/>\n\t<meta name=\"twitter:data1\" content=\"4 minuts\" \/>\n<script type=\"application\/ld+json\" class=\"yoast-schema-graph\">{\"@context\":\"https:\/\/schema.org\",\"@graph\":[{\"@type\":\"WebPage\",\"@id\":\"https:\/\/paletscuerva.net\/palets-barcelona\/\",\"url\":\"https:\/\/paletscuerva.net\/palets-barcelona\/\",\"name\":\"Compra-venta de palets - Palets Cuerva\",\"isPartOf\":{\"@id\":\"https:\/\/paletscuerva.net\/#website\"},\"primaryImageOfPage\":{\"@id\":\"https:\/\/paletscuerva.net\/palets-barcelona\/#primaryimage\"},\"image\":{\"@id\":\"https:\/\/paletscuerva.net\/palets-barcelona\/#primaryimage\"},\"thumbnailUrl\":\"https:\/\/paletscuerva.net\/wp-content\/uploads\/2023\/05\/IMG_8697-1024x683.jpg\",\"datePublished\":\"2023-09-15T07:50:05+00:00\",\"dateModified\":\"2024-03-08T10:10:02+00:00\",\"description\":\"Ofrecemos un amplio mercado para adquirir y vender palets, tanto nuevos como usados. SI necesitas comprar o vender palets, estamos aqu\u00ed para ayudarte.\",\"breadcrumb\":{\"@id\":\"https:\/\/paletscuerva.net\/palets-barcelona\/#breadcrumb\"},\"inLanguage\":\"ca\",\"potentialAction\":[{\"@type\":\"ReadAction\",\"target\":[\"https:\/\/paletscuerva.net\/palets-barcelona\/\"]}]},{\"@type\":\"ImageObject\",\"inLanguage\":\"ca\",\"@id\":\"https:\/\/paletscuerva.net\/palets-barcelona\/#primaryimage\",\"url\":\"https:\/\/paletscuerva.net\/wp-content\/uploads\/2023\/05\/IMG_8697-1024x683.jpg\",\"contentUrl\":\"https:\/\/paletscuerva.net\/wp-content\/uploads\/2023\/05\/IMG_8697-1024x683.jpg\"},{\"@type\":\"BreadcrumbList\",\"@id\":\"https:\/\/paletscuerva.net\/palets-barcelona\/#breadcrumb\",\"itemListElement\":[{\"@type\":\"ListItem\",\"position\":1,\"name\":\"Portada\",\"item\":\"https:\/\/paletscuerva.net\/\"},{\"@type\":\"ListItem\",\"position\":2,\"name\":\"Palets Barcelona\"}]},{\"@type\":\"WebSite\",\"@id\":\"https:\/\/paletscuerva.net\/#website\",\"url\":\"https:\/\/paletscuerva.net\/\",\"name\":\"Palets Cuerva\",\"description\":\"Fabricaci\u00f3n, venta y restauraci\u00f3n de palets en Barcelona.\",\"potentialAction\":[{\"@type\":\"SearchAction\",\"target\":{\"@type\":\"EntryPoint\",\"urlTemplate\":\"https:\/\/paletscuerva.net\/?s={search_term_string}\"},\"query-input\":{\"@type\":\"PropertyValueSpecification\",\"valueRequired\":true,\"valueName\":\"search_term_string\"}}],\"inLanguage\":\"ca\"}]}<\/script>\n<!-- \/ Yoast SEO plugin. -->","yoast_head_json":{"title":"Compra-venta de palets - Palets Cuerva","description":"Ofrecemos un amplio mercado para adquirir y vender palets, tanto nuevos como usados. SI necesitas comprar o vender palets, estamos aqu\u00ed para ayudarte.","robots":{"index":"index","follow":"follow","max-snippet":"max-snippet:-1","max-image-preview":"max-image-preview:large","max-video-preview":"max-video-preview:-1"},"canonical":"https:\/\/paletscuerva.net\/ca\/palets-barcelona\/","og_locale":"ca_ES","og_type":"article","og_title":"Compra-venta de palets - Palets Cuerva","og_description":"Ofrecemos un amplio mercado para adquirir y vender palets, tanto nuevos como usados. SI necesitas comprar o vender palets, estamos aqu\u00ed para ayudarte.","og_url":"https:\/\/paletscuerva.net\/ca\/palets-barcelona\/","og_site_name":"Palets Cuerva","article_modified_time":"2024-03-08T10:10:02+00:00","og_image":[{"url":"https:\/\/paletscuerva.net\/wp-content\/uploads\/2023\/05\/IMG_8697-1024x683.jpg","type":"","width":"","height":""}],"twitter_card":"summary_large_image","twitter_misc":{"Temps estimat de lectura":"4 minuts"},"schema":{"@context":"https:\/\/schema.org","@graph":[{"@type":"WebPage","@id":"https:\/\/paletscuerva.net\/palets-barcelona\/","url":"https:\/\/paletscuerva.net\/palets-barcelona\/","name":"Compra-venta de palets - Palets Cuerva","isPartOf":{"@id":"https:\/\/paletscuerva.net\/#website"},"primaryImageOfPage":{"@id":"https:\/\/paletscuerva.net\/palets-barcelona\/#primaryimage"},"image":{"@id":"https:\/\/paletscuerva.net\/palets-barcelona\/#primaryimage"},"thumbnailUrl":"https:\/\/paletscuerva.net\/wp-content\/uploads\/2023\/05\/IMG_8697-1024x683.jpg","datePublished":"2023-09-15T07:50:05+00:00","dateModified":"2024-03-08T10:10:02+00:00","description":"Ofrecemos un amplio mercado para adquirir y vender palets, tanto nuevos como usados. SI necesitas comprar o vender palets, estamos aqu\u00ed para ayudarte.","breadcrumb":{"@id":"https:\/\/paletscuerva.net\/palets-barcelona\/#breadcrumb"},"inLanguage":"ca","potentialAction":[{"@type":"ReadAction","target":["https:\/\/paletscuerva.net\/palets-barcelona\/"]}]},{"@type":"ImageObject","inLanguage":"ca","@id":"https:\/\/paletscuerva.net\/palets-barcelona\/#primaryimage","url":"https:\/\/paletscuerva.net\/wp-content\/uploads\/2023\/05\/IMG_8697-1024x683.jpg","contentUrl":"https:\/\/paletscuerva.net\/wp-content\/uploads\/2023\/05\/IMG_8697-1024x683.jpg"},{"@type":"BreadcrumbList","@id":"https:\/\/paletscuerva.net\/palets-barcelona\/#breadcrumb","itemListElement":[{"@type":"ListItem","position":1,"name":"Portada","item":"https:\/\/paletscuerva.net\/"},{"@type":"ListItem","position":2,"name":"Palets Barcelona"}]},{"@type":"WebSite","@id":"https:\/\/paletscuerva.net\/#website","url":"https:\/\/paletscuerva.net\/","name":"Palets Cuerva","description":"Fabricaci\u00f3n, venta y restauraci\u00f3n de palets en Barcelona.","potentialAction":[{"@type":"SearchAction","target":{"@type":"EntryPoint","urlTemplate":"https:\/\/paletscuerva.net\/?s={search_term_string}"},"query-input":{"@type":"PropertyValueSpecification","valueRequired":true,"valueName":"search_term_string"}}],"inLanguage":"ca"}]}},"_links":{"self":[{"href":"https:\/\/paletscuerva.net\/ca\/wp-json\/wp\/v2\/pages\/757","targetHints":{"allow":["GET"]}}],"collection":[{"href":"https:\/\/paletscuerva.net\/ca\/wp-json\/wp\/v2\/pages"}],"about":[{"href":"https:\/\/paletscuerva.net\/ca\/wp-json\/wp\/v2\/types\/page"}],"author":[{"embeddable":true,"href":"https:\/\/paletscuerva.net\/ca\/wp-json\/wp\/v2\/users\/1"}],"replies":[{"embeddable":true,"href":"https:\/\/paletscuerva.net\/ca\/wp-json\/wp\/v2\/comments?post=757"}],"version-history":[{"count":10,"href":"https:\/\/paletscuerva.net\/ca\/wp-json\/wp\/v2\/pages\/757\/revisions"}],"predecessor-version":[{"id":1026,"href":"https:\/\/paletscuerva.net\/ca\/wp-json\/wp\/v2\/pages\/757\/revisions\/1026"}],"wp:attachment":[{"href":"https:\/\/paletscuerva.net\/ca\/wp-json\/wp\/v2\/media?parent=757"}],"curies":[{"name":"wp","href":"https:\/\/api.w.org\/{rel}","templated":true}]}}